{"id":93,"date":"2018-12-14T14:15:10","date_gmt":"2018-12-14T12:15:10","guid":{"rendered":"https:\/\/www.webstation.gr\/maniatiko\/the-resort\/"},"modified":"2024-11-21T12:02:03","modified_gmt":"2024-11-21T10:02:03","slug":"unterkunft-in-stoupa-maniatiko-village-in-mani","status":"publish","type":"page","link":"https:\/\/www.maniatikovillage.com\/de\/beste-unterkunft-in-stoupa-maniatiko-village-steinhaeuser-in-mani\/unterkunft-in-stoupa-maniatiko-village-in-mani\/","title":{"rendered":"Das Resort"},"content":{"rendered":"\r\n<div class=\"wp-block-media-text alignwide has-media-on-the-right is-stacked-on-mobile\">\r\n<figure class=\"wp-block-media-text__media\"><img loading=\"lazy\" decoding=\"async\" class=\"alignnone size-medium wp-image-2355\" src=\"https:\/\/www.maniatikovillage.com\/wp-content\/uploads\/2019\/01\/LR-395-300x200.jpg\" alt=\"\" width=\"300\" height=\"200\" srcset=\"https:\/\/www.maniatikovillage.com\/wp-content\/uploads\/2019\/01\/LR-395-300x200.jpg 300w, https:\/\/www.maniatikovillage.com\/wp-content\/uploads\/2019\/01\/LR-395-768x512.jpg 768w, https:\/\/www.maniatikovillage.com\/wp-content\/uploads\/2019\/01\/LR-395.jpg 1000w\" sizes=\"auto, (max-width: 300px) 100vw, 300px\" \/><\/figure>\r\n<div class=\"wp-block-media-text__content\">\r\n<h3>Unterkunft in Stoupa in Traditionellen Steinh\u00e4usern<\/h3>\r\n<p>Willkommen im Maniatiko Village, Ihrer idealen Wahl f\u00fcr Unterkunft in Stoupa. Unser Resort bietet eine perfekte Kombination aus Tradition, Komfort und Natur. Unsere traditionellen Steinh\u00e4user sind von Olivenhainen und \u00fcppigen G\u00e4rten umgeben und schaffen eine ruhige Atmosph\u00e4re, nur wenige Minuten von den herrlichen Str\u00e4nden von Stoupa entfernt.<\/p>\r\n<p>Maniatiko Village eignet sich f\u00fcr Paare, Familien und Gruppen und bietet die perfekte Basis f\u00fcr Ihren Urlaub in Mani.<\/p>\r\n<\/div>\r\n<\/div>\r\n\r\n\r\n\r\n<div class=\"wp-block-spacer\" style=\"height: 100px;\" aria-hidden=\"true\">\u00a0<\/div>\r\n\r\n\r\n\r\n<div class=\"wp-block-media-text alignwide is-stacked-on-mobile\">\r\n<figure class=\"wp-block-media-text__media\"><img loading=\"lazy\" decoding=\"async\" class=\"alignnone wp-image-2325 size-medium\" src=\"https:\/\/www.maniatikovillage.com\/wp-content\/uploads\/2019\/01\/LR-385-300x200.jpg\" alt=\"Unterkunft in Stoupa\" width=\"300\" height=\"200\" srcset=\"https:\/\/www.maniatikovillage.com\/wp-content\/uploads\/2019\/01\/LR-385-300x200.jpg 300w, https:\/\/www.maniatikovillage.com\/wp-content\/uploads\/2019\/01\/LR-385-768x512.jpg 768w, https:\/\/www.maniatikovillage.com\/wp-content\/uploads\/2019\/01\/LR-385.jpg 1000w\" sizes=\"auto, (max-width: 300px) 100vw, 300px\" \/><\/figure>\r\n<div class=\"wp-block-media-text__content\">\r\n<h3>Warum Maniatiko Village f\u00fcr Ihre Unterkunft in Stoupa?<\/h3>\r\n<p>Unsere Anlage umfasst 23 traditionelle Steinh\u00e4user, die die charakteristische Architektur von Mani widerspiegeln. Jedes Haus bietet Platz f\u00fcr 2 bis 5 G\u00e4ste und ist mit allen modernen Annehmlichkeiten ausgestattet, darunter Klimaanlage, WLAN und eine voll ausgestattete K\u00fcche.<\/p>\r\n<p>Unsere G\u00e4ste sch\u00e4tzen die Kombination aus rustikalem Charme und modernem Komfort, ideal f\u00fcr einen erholsamen Aufenthalt. Die ruhige Umgebung und der Blick auf die umliegenden Landschaften machen das Maniatiko Village einzigartig.<\/p>\r\n<\/div>\r\n<\/div>\r\n\r\n\r\n\r\n<div class=\"wp-block-spacer\" style=\"height: 100px;\" aria-hidden=\"true\">\u00a0<\/div>\r\n\r\n\r\n\r\n<div class=\"wp-block-media-text alignwide has-media-on-the-right is-stacked-on-mobile\">\r\n<figure class=\"wp-block-media-text__media\"><img loading=\"lazy\" decoding=\"async\" class=\"alignnone wp-image-2322 size-medium\" src=\"https:\/\/www.maniatikovillage.com\/wp-content\/uploads\/2019\/01\/LR-327-300x200.jpg\" alt=\"Unterkunft in Stoupa\" width=\"300\" height=\"200\" srcset=\"https:\/\/www.maniatikovillage.com\/wp-content\/uploads\/2019\/01\/LR-327-300x200.jpg 300w, https:\/\/www.maniatikovillage.com\/wp-content\/uploads\/2019\/01\/LR-327-768x512.jpg 768w, https:\/\/www.maniatikovillage.com\/wp-content\/uploads\/2019\/01\/LR-327.jpg 1000w\" sizes=\"auto, (max-width: 300px) 100vw, 300px\" \/><\/figure>\r\n<div class=\"wp-block-media-text__content\">\r\n<h3>Entdecken Sie die Sch\u00f6nheit von Stoupa und Mani<\/h3>\r\n<p>Maniatiko Village liegt nur wenige Minuten vom ber\u00fchmten Stoupa Strand entfernt, der f\u00fcr seine klaren Gew\u00e4sser und goldenen Sandstr\u00e4nde bekannt ist. Die Region Mani ist reich an nat\u00fcrlichen und kulturellen Sch\u00e4tzen. Erkunden Sie malerische D\u00f6rfer, historische Kirchen und die beeindruckende Landschaft des Taygetos-Gebirges.<\/p>\r\n<p>Ob Sie wandern, schwimmen oder die kulturelle Geschichte der Region entdecken m\u00f6chten \u2013 Mani bietet f\u00fcr jeden etwas.<\/p>\r\n<\/div>\r\n<\/div>\r\n\r\n\r\n\r\n<div class=\"wp-block-spacer\" style=\"height: 100px;\" aria-hidden=\"true\">\u00a0<\/div>\r\n\r\n\r\n\r\n<div class=\"wp-block-media-text alignwide is-stacked-on-mobile\">\r\n<figure class=\"wp-block-media-text__media\"><img loading=\"lazy\" decoding=\"async\" class=\"alignnone wp-image-2208 size-medium\" src=\"https:\/\/www.maniatikovillage.com\/wp-content\/uploads\/2019\/01\/LR-411-300x200.jpg\" alt=\"\" width=\"300\" height=\"200\" srcset=\"https:\/\/www.maniatikovillage.com\/wp-content\/uploads\/2019\/01\/LR-411-300x200.jpg 300w, https:\/\/www.maniatikovillage.com\/wp-content\/uploads\/2019\/01\/LR-411-768x512.jpg 768w, https:\/\/www.maniatikovillage.com\/wp-content\/uploads\/2019\/01\/LR-411.jpg 1000w\" sizes=\"auto, (max-width: 300px) 100vw, 300px\" \/><\/figure>\r\n<div class=\"wp-block-media-text__content\">\r\n<h3>Genie\u00dfen Sie Authentische K\u00fcche<\/h3>\r\n<p>Probieren Sie die besten Aromen der Mani-Region in unserem Restaurant, dem Frigano Restaurant. Hier genie\u00dfen Sie traditionelle Gerichte, die mit frischen, lokalen Zutaten zubereitet werden. Von herzhaften Fr\u00fchst\u00fccken bis zu leckeren Abendessen \u2013 jedes Gericht ist ein kulinarisches Erlebnis.<\/p>\r\n<\/div>\r\n<\/div>\r\n\r\n\r\n\r\n<div class=\"wp-block-spacer\" style=\"height: 100px;\" aria-hidden=\"true\">\u00a0<\/div>\r\n\r\n\r\n\r\n<div class=\"wp-block-media-text alignwide has-media-on-the-right is-stacked-on-mobile\">\r\n<figure class=\"wp-block-media-text__media\"><img loading=\"lazy\" decoding=\"async\" class=\"alignnone size-medium wp-image-1965\" src=\"https:\/\/www.maniatikovillage.com\/wp-content\/uploads\/2019\/01\/LR-202-300x200.jpg\" alt=\"\" width=\"300\" height=\"200\" srcset=\"https:\/\/www.maniatikovillage.com\/wp-content\/uploads\/2019\/01\/LR-202-300x200.jpg 300w, https:\/\/www.maniatikovillage.com\/wp-content\/uploads\/2019\/01\/LR-202-768x512.jpg 768w, https:\/\/www.maniatikovillage.com\/wp-content\/uploads\/2019\/01\/LR-202.jpg 1000w\" sizes=\"auto, (max-width: 300px) 100vw, 300px\" \/><\/figure>\r\n<div class=\"wp-block-media-text__content\">\r\n<h3>Entspannen Sie sich in Unserem Resort<\/h3>\r\n<p>Erfrischen Sie sich in unserem Pool oder entspannen Sie auf unserer Sonnenterrasse, umgeben von der Ruhe der Natur. Das Maniatiko Village ist der ideale Ort, um den Alltag hinter sich zu lassen und die Ruhe zu genie\u00dfen, die Sie verdienen.<\/p>\r\n<\/div>\r\n<\/div>\r\n\r\n\r\n\r\n<div class=\"wp-block-spacer\" style=\"height: 100px;\" aria-hidden=\"true\">\u00a0<\/div>\r\n\r\n\r\n\r\n<div class=\"wp-block-media-text alignwide is-stacked-on-mobile\">\r\n<figure class=\"wp-block-media-text__media\"><img loading=\"lazy\" decoding=\"async\" class=\"alignnone wp-image-2304 size-medium\" src=\"https:\/\/www.maniatikovillage.com\/wp-content\/uploads\/2019\/01\/LR-321-300x200.jpg\" alt=\"Unterkunft in Stoupa\" width=\"300\" height=\"200\" srcset=\"https:\/\/www.maniatikovillage.com\/wp-content\/uploads\/2019\/01\/LR-321-300x200.jpg 300w, https:\/\/www.maniatikovillage.com\/wp-content\/uploads\/2019\/01\/LR-321-768x512.jpg 768w, https:\/\/www.maniatikovillage.com\/wp-content\/uploads\/2019\/01\/LR-321.jpg 1000w\" sizes=\"auto, (max-width: 300px) 100vw, 300px\" \/><\/figure>\r\n<div class=\"wp-block-media-text__content\">\r\n<h3><a href=\"https:\/\/maniatikovillagestoupa.onlinehotelsmanager.com\/\" target=\"_blank\" rel=\"noopener\">Buchen Sie Ihre Unterkunft in Stoupa<\/a><\/h3>\r\n<p>W\u00e4hlen Sie das Maniatiko Village f\u00fcr Ihren n\u00e4chsten Urlaub und erleben Sie die perfekte Kombination aus traditioneller Architektur, modernem Komfort und Gastfreundschaft. <a href=\"https:\/\/www.maniatikovillage.com\/en\/contact\/\" target=\"_blank\" rel=\"noopener\">Kontaktieren Sie uns<\/a> jetzt, um Ihren Aufenthalt zu sichern.<\/p>\r\n<\/div>\r\n<\/div>\r\n","protected":false},"excerpt":{"rendered":"<p>\u03a5\u03c0\u03bf\u03b4\u03b5\u03b9\u03b3\u03bc\u03b1\u03c4\u03b9\u03ba\u03ae \u03a6\u03b9\u03bb\u03bf\u03be\u03b5\u03bd\u03af\u03b1 \u03ba\u03b1\u03b9 \u03a0\u03b1\u03c1\u03b1\u03b4\u03bf\u03c3\u03b9\u03b1\u03ba\u03ae \u0394\u03b9\u03b1\u03bc\u03bf\u03bd\u03ae \u03c3\u03c4\u03b7 \u03a3\u03c4\u03bf\u03cd\u03c0\u03b1 &#8211; \u039a\u03b1\u03bb\u03ce\u03c2 \u03ae\u03c1\u03b8\u03b1\u03c4\u03b5 \u03c3\u03c4\u03bf Maniatiko Village Resort, \u03cc\u03c0\u03bf\u03c5 \u03c0\u03c1\u03bf\u03c3\u03c6\u03ad\u03c1\u03bf\u03c5\u03bc\u03b5 \u03c4\u03b7\u03bd \u03ba\u03b1\u03bb\u03cd\u03c4\u03b5\u03c1\u03b7 \u03b4\u03b9\u03b1\u03bc\u03bf\u03bd\u03ae \u03c3\u03c4\u03b7 \u03a3\u03c4\u03bf\u03cd\u03c0\u03b1, \u03c3\u03c5\u03bd\u03b4\u03c5\u03ac\u03b6\u03bf\u03bd\u03c4\u03b1\u03c2 \u03c5\u03c0\u03bf\u03b4\u03b5\u03b9\u03b3\u03bc\u03b1\u03c4\u03b9\u03ba\u03ae \u03c6\u03b9\u03bb\u03bf\u03be\u03b5\u03bd\u03af\u03b1 \u03bc\u03b5 \u03bc\u03b9\u03b1 \u03b1\u03c5\u03b8\u03b5\u03bd\u03c4\u03b9\u03ba\u03ae \u03ba\u03b1\u03b9 \u03ae\u03c1\u03b5\u03bc\u03b7 \u03b5\u03bc\u03c0\u03b5\u03b9\u03c1\u03af\u03b1. \u0392\u03c1\u03af\u03c3\u03ba\u03b5\u03c4\u03b1\u03b9 \u03c3\u03c4\u03b7 \u03bc\u03b1\u03b3\u03b5\u03c5\u03c4\u03b9\u03ba\u03ae \u039c\u03ac\u03bd\u03b7, \u03c4\u03bf \u03c3\u03c5\u03b3\u03ba\u03c1\u03cc\u03c4\u03b7\u03bc\u03ac \u03bc\u03b1\u03c2 \u03b5\u03af\u03bd\u03b1\u03b9 \u03b9\u03b4\u03b1\u03bd\u03b9\u03ba\u03cc \u03b3\u03b9\u03b1 \u03bf\u03b9\u03ba\u03bf\u03b3\u03b5\u03bd\u03b5\u03b9\u03b1\u03ba\u03ad\u03c2 \u03b4\u03b9\u03b1\u03ba\u03bf\u03c0\u03ad\u03c2, \u03c1\u03bf\u03bc\u03b1\u03bd\u03c4\u03b9\u03ba\u03ad\u03c2 \u03b1\u03c0\u03bf\u03b4\u03c1\u03ac\u03c3\u03b5\u03b9\u03c2 \u03ae \u03b4\u03b9\u03b1\u03ba\u03bf\u03c0\u03ad\u03c2 \u03bc\u03b5 \u03c0\u03b1\u03c1\u03ad\u03b1. \u03a4\u03bf Maniatiko Village \u03c0\u03c1\u03bf\u03c3\u03c6\u03ad\u03c1\u03b5\u03b9 \u03cc,\u03c4\u03b9 \u03c7\u03c1\u03b5\u03b9\u03ac\u03b6\u03b5\u03c3\u03c4\u03b5 \u03b3\u03b9\u03b1 \u03b1\u03be\u03ad\u03c7\u03b1\u03c3\u03c4\u03b5\u03c2 \u03b4\u03b9\u03b1\u03ba\u03bf\u03c0\u03ad\u03c2.<\/p>\n<p>\u03a4\u03bf \u03c4\u03bf\u03c0\u03af\u03bf \u03bc\u03b1\u03c2, \u03c0\u03b5\u03c1\u03b9\u03c4\u03c1\u03b9\u03b3\u03c5\u03c1\u03b9\u03c3\u03bc\u03ad\u03bd\u03bf \u03b1\u03c0\u03cc \u03b5\u03bb\u03b1\u03b9\u03ce\u03bd\u03b5\u03c2 \u03ba\u03b1\u03b9 \u03ba\u03b1\u03c4\u03b1\u03c0\u03c1\u03ac\u03c3\u03b9\u03bd\u03bf\u03c5\u03c2 \u03ba\u03ae\u03c0\u03bf\u03c5\u03c2, \u03c0\u03c1\u03bf\u03c3\u03c6\u03ad\u03c1\u03b5\u03b9 \u03ad\u03bd\u03b1 \u03ae\u03c1\u03b5\u03bc\u03bf \u03c0\u03b5\u03c1\u03b9\u03b2\u03ac\u03bb\u03bb\u03bf\u03bd \u03b3\u03b9\u03b1 \u03c7\u03b1\u03bb\u03ac\u03c1\u03c9\u03c3\u03b7 \u03ba\u03b1\u03b9 \u03b5\u03c0\u03b1\u03c6\u03ae \u03bc\u03b5 \u03c4\u03b7 \u03c6\u03cd\u03c3\u03b7. \u0397 \u03bc\u03bf\u03bd\u03b1\u03b4\u03b9\u03ba\u03ae \u03bf\u03bc\u03bf\u03c1\u03c6\u03b9\u03ac \u03c4\u03b7\u03c2 \u039c\u03ac\u03bd\u03b7\u03c2, \u03bc\u03b5 \u03c4\u03bf\u03bd \u03c0\u03bb\u03bf\u03cd\u03c3\u03b9\u03bf \u03c0\u03bf\u03bb\u03b9\u03c4\u03b9\u03c3\u03bc\u03cc, \u03c4\u03b7\u03bd \u03b9\u03c3\u03c4\u03bf\u03c1\u03af\u03b1 \u03ba\u03b1\u03b9 \u03c4\u03b1 \u03bc\u03b1\u03b3\u03b5\u03c5\u03c4\u03b9\u03ba\u03ac \u03c4\u03bf\u03c0\u03af\u03b1 \u03c4\u03b7\u03c2, \u03c3\u03b1\u03c2 \u03c0\u03b5\u03c1\u03b9\u03bc\u03ad\u03bd\u03b5\u03b9 \u03bd\u03b1 \u03c4\u03b7\u03bd \u03b1\u03bd\u03b1\u03ba\u03b1\u03bb\u03cd\u03c8\u03b5\u03c4\u03b5.<\/p>\n","protected":false},"author":1,"featured_media":2361,"parent":83,"menu_order":0,"comment_status":"closed","ping_status":"closed","template":"","meta":{"footnotes":""},"class_list":["post-93","page","type-page","status-publish","has-post-thumbnail","hentry"],"yoast_head":"<!-- This site is optimized with the Yoast SEO plugin v23.9 - https:\/\/yoast.com\/wordpress\/plugins\/seo\/ -->\n<title>Unterkunft in Stoupa | Maniatiko Village - in Mani<\/title>\n<meta name=\"description\" content=\"Erleben Sie Unterkunft in Stoupa im Maniatiko Village. Traditionelle Steinh\u00e4user mit Pool und moderner Ausstattung. Buchen Sie jetzt!\" \/>\n<meta name=\"robots\" content=\"index, follow, max-snippet:-1, max-image-preview:large, max-video-preview:-1\" \/>\n<link rel=\"canonical\" href=\"https:\/\/www.maniatikovillage.com\/de\/maniatiko-village\/unterkunft-in-stoupa-maniatiko-village-in-mani\/\" \/>\n<meta property=\"og:locale\" content=\"de_DE\" \/>\n<meta property=\"og:type\" content=\"article\" \/>\n<meta property=\"og:title\" content=\"Unterkunft in Stoupa | Maniatiko Village - in Mani\" \/>\n<meta property=\"og:description\" content=\"Erleben Sie Unterkunft in Stoupa im Maniatiko Village. Traditionelle Steinh\u00e4user mit Pool und moderner Ausstattung. Buchen Sie jetzt!\" \/>\n<meta property=\"og:url\" content=\"https:\/\/www.maniatikovillage.com\/de\/maniatiko-village\/unterkunft-in-stoupa-maniatiko-village-in-mani\/\" \/>\n<meta property=\"og:site_name\" content=\"Maniatiko Village Resort Stoupa, Mani\" \/>\n<meta property=\"article:publisher\" content=\"https:\/\/www.facebook.com\/maniatikovillage\" \/>\n<meta property=\"article:modified_time\" content=\"2024-11-21T10:02:03+00:00\" \/>\n<meta property=\"og:image\" content=\"https:\/\/www.maniatikovillage.com\/wp-content\/uploads\/2019\/01\/LR-397.jpg\" \/>\n\t<meta property=\"og:image:width\" content=\"1000\" \/>\n\t<meta property=\"og:image:height\" content=\"667\" \/>\n\t<meta property=\"og:image:type\" content=\"image\/jpeg\" \/>\n<meta name=\"twitter:card\" content=\"summary_large_image\" \/>\n<meta name=\"twitter:label1\" content=\"Gesch\u00e4tzte Lesezeit\" \/>\n\t<meta name=\"twitter:data1\" content=\"3\u00a0Minuten\" \/>\n<script type=\"application\/ld+json\" class=\"yoast-schema-graph\">{\"@context\":\"https:\/\/schema.org\",\"@graph\":[{\"@type\":\"WebPage\",\"@id\":\"https:\/\/www.maniatikovillage.com\/de\/maniatiko-village\/unterkunft-in-stoupa-maniatiko-village-in-mani\/\",\"url\":\"https:\/\/www.maniatikovillage.com\/de\/maniatiko-village\/unterkunft-in-stoupa-maniatiko-village-in-mani\/\",\"name\":\"Unterkunft in Stoupa | Maniatiko Village - in Mani\",\"isPartOf\":{\"@id\":\"https:\/\/www.maniatikovillage.com\/en\/#website\"},\"primaryImageOfPage\":{\"@id\":\"https:\/\/www.maniatikovillage.com\/de\/maniatiko-village\/unterkunft-in-stoupa-maniatiko-village-in-mani\/#primaryimage\"},\"image\":{\"@id\":\"https:\/\/www.maniatikovillage.com\/de\/maniatiko-village\/unterkunft-in-stoupa-maniatiko-village-in-mani\/#primaryimage\"},\"thumbnailUrl\":\"https:\/\/www.maniatikovillage.com\/wp-content\/uploads\/2019\/01\/LR-397.jpg\",\"datePublished\":\"2018-12-14T12:15:10+00:00\",\"dateModified\":\"2024-11-21T10:02:03+00:00\",\"description\":\"Erleben Sie Unterkunft in Stoupa im Maniatiko Village. Traditionelle Steinh\u00e4user mit Pool und moderner Ausstattung. Buchen Sie jetzt!\",\"breadcrumb\":{\"@id\":\"https:\/\/www.maniatikovillage.com\/de\/maniatiko-village\/unterkunft-in-stoupa-maniatiko-village-in-mani\/#breadcrumb\"},\"inLanguage\":\"de\",\"potentialAction\":[{\"@type\":\"ReadAction\",\"target\":[\"https:\/\/www.maniatikovillage.com\/de\/maniatiko-village\/unterkunft-in-stoupa-maniatiko-village-in-mani\/\"]}]},{\"@type\":\"ImageObject\",\"inLanguage\":\"de\",\"@id\":\"https:\/\/www.maniatikovillage.com\/de\/maniatiko-village\/unterkunft-in-stoupa-maniatiko-village-in-mani\/#primaryimage\",\"url\":\"https:\/\/www.maniatikovillage.com\/wp-content\/uploads\/2019\/01\/LR-397.jpg\",\"contentUrl\":\"https:\/\/www.maniatikovillage.com\/wp-content\/uploads\/2019\/01\/LR-397.jpg\",\"width\":1000,\"height\":667,\"caption\":\"Stoupa Accommodation\"},{\"@type\":\"BreadcrumbList\",\"@id\":\"https:\/\/www.maniatikovillage.com\/de\/maniatiko-village\/unterkunft-in-stoupa-maniatiko-village-in-mani\/#breadcrumb\",\"itemListElement\":[{\"@type\":\"ListItem\",\"position\":1,\"name\":\"Home\",\"item\":\"https:\/\/www.maniatikovillage.com\/de\/\"},{\"@type\":\"ListItem\",\"position\":2,\"name\":\"Maniatiko Village\",\"item\":\"https:\/\/www.maniatikovillage.com\/de\/\"},{\"@type\":\"ListItem\",\"position\":3,\"name\":\"Das Resort\"}]},{\"@type\":\"WebSite\",\"@id\":\"https:\/\/www.maniatikovillage.com\/en\/#website\",\"url\":\"https:\/\/www.maniatikovillage.com\/en\/\",\"name\":\"Maniatiko Village Resort Stoupa - \u03a3\u03c4\u03bf\u03cd\u03c0\u03b1, \u039c\u03ac\u03bd\u03b7\",\"description\":\"Ruhige Ferien in Stoupa, Mani\",\"publisher\":{\"@id\":\"https:\/\/www.maniatikovillage.com\/en\/#organization\"},\"potentialAction\":[{\"@type\":\"SearchAction\",\"target\":{\"@type\":\"EntryPoint\",\"urlTemplate\":\"https:\/\/www.maniatikovillage.com\/en\/?s={search_term_string}\"},\"query-input\":{\"@type\":\"PropertyValueSpecification\",\"valueRequired\":true,\"valueName\":\"search_term_string\"}}],\"inLanguage\":\"de\"},{\"@type\":\"Organization\",\"@id\":\"https:\/\/www.maniatikovillage.com\/en\/#organization\",\"name\":\"Maniatiko Village Resort Stoupa - \u03a3\u03c4\u03bf\u03cd\u03c0\u03b1, \u039c\u03ac\u03bd\u03b7\",\"url\":\"https:\/\/www.maniatikovillage.com\/en\/\",\"logo\":{\"@type\":\"ImageObject\",\"inLanguage\":\"de\",\"@id\":\"https:\/\/www.maniatikovillage.com\/en\/#\/schema\/logo\/image\/\",\"url\":\"https:\/\/www.maniatikovillage.com\/wp-content\/uploads\/2018\/12\/footer-logo.png\",\"contentUrl\":\"https:\/\/www.maniatikovillage.com\/wp-content\/uploads\/2018\/12\/footer-logo.png\",\"width\":79,\"height\":100,\"caption\":\"Maniatiko Village Resort Stoupa - \u03a3\u03c4\u03bf\u03cd\u03c0\u03b1, \u039c\u03ac\u03bd\u03b7\"},\"image\":{\"@id\":\"https:\/\/www.maniatikovillage.com\/en\/#\/schema\/logo\/image\/\"},\"sameAs\":[\"https:\/\/www.facebook.com\/maniatikovillage\",\"https:\/\/www.instagram.com\/maniatiko.village\/\"]}]}<\/script>\n<!-- \/ Yoast SEO plugin. -->","yoast_head_json":{"title":"Unterkunft in Stoupa | Maniatiko Village - in Mani","description":"Erleben Sie Unterkunft in Stoupa im Maniatiko Village. Traditionelle Steinh\u00e4user mit Pool und moderner Ausstattung. Buchen Sie jetzt!","robots":{"index":"index","follow":"follow","max-snippet":"max-snippet:-1","max-image-preview":"max-image-preview:large","max-video-preview":"max-video-preview:-1"},"canonical":"https:\/\/www.maniatikovillage.com\/de\/maniatiko-village\/unterkunft-in-stoupa-maniatiko-village-in-mani\/","og_locale":"de_DE","og_type":"article","og_title":"Unterkunft in Stoupa | Maniatiko Village - in Mani","og_description":"Erleben Sie Unterkunft in Stoupa im Maniatiko Village. Traditionelle Steinh\u00e4user mit Pool und moderner Ausstattung. Buchen Sie jetzt!","og_url":"https:\/\/www.maniatikovillage.com\/de\/maniatiko-village\/unterkunft-in-stoupa-maniatiko-village-in-mani\/","og_site_name":"Maniatiko Village Resort Stoupa, Mani","article_publisher":"https:\/\/www.facebook.com\/maniatikovillage","article_modified_time":"2024-11-21T10:02:03+00:00","og_image":[{"width":1000,"height":667,"url":"https:\/\/www.maniatikovillage.com\/wp-content\/uploads\/2019\/01\/LR-397.jpg","type":"image\/jpeg"}],"twitter_card":"summary_large_image","twitter_misc":{"Gesch\u00e4tzte Lesezeit":"3\u00a0Minuten"},"schema":{"@context":"https:\/\/schema.org","@graph":[{"@type":"WebPage","@id":"https:\/\/www.maniatikovillage.com\/de\/maniatiko-village\/unterkunft-in-stoupa-maniatiko-village-in-mani\/","url":"https:\/\/www.maniatikovillage.com\/de\/maniatiko-village\/unterkunft-in-stoupa-maniatiko-village-in-mani\/","name":"Unterkunft in Stoupa | Maniatiko Village - in Mani","isPartOf":{"@id":"https:\/\/www.maniatikovillage.com\/en\/#website"},"primaryImageOfPage":{"@id":"https:\/\/www.maniatikovillage.com\/de\/maniatiko-village\/unterkunft-in-stoupa-maniatiko-village-in-mani\/#primaryimage"},"image":{"@id":"https:\/\/www.maniatikovillage.com\/de\/maniatiko-village\/unterkunft-in-stoupa-maniatiko-village-in-mani\/#primaryimage"},"thumbnailUrl":"https:\/\/www.maniatikovillage.com\/wp-content\/uploads\/2019\/01\/LR-397.jpg","datePublished":"2018-12-14T12:15:10+00:00","dateModified":"2024-11-21T10:02:03+00:00","description":"Erleben Sie Unterkunft in Stoupa im Maniatiko Village. Traditionelle Steinh\u00e4user mit Pool und moderner Ausstattung. Buchen Sie jetzt!","breadcrumb":{"@id":"https:\/\/www.maniatikovillage.com\/de\/maniatiko-village\/unterkunft-in-stoupa-maniatiko-village-in-mani\/#breadcrumb"},"inLanguage":"de","potentialAction":[{"@type":"ReadAction","target":["https:\/\/www.maniatikovillage.com\/de\/maniatiko-village\/unterkunft-in-stoupa-maniatiko-village-in-mani\/"]}]},{"@type":"ImageObject","inLanguage":"de","@id":"https:\/\/www.maniatikovillage.com\/de\/maniatiko-village\/unterkunft-in-stoupa-maniatiko-village-in-mani\/#primaryimage","url":"https:\/\/www.maniatikovillage.com\/wp-content\/uploads\/2019\/01\/LR-397.jpg","contentUrl":"https:\/\/www.maniatikovillage.com\/wp-content\/uploads\/2019\/01\/LR-397.jpg","width":1000,"height":667,"caption":"Stoupa Accommodation"},{"@type":"BreadcrumbList","@id":"https:\/\/www.maniatikovillage.com\/de\/maniatiko-village\/unterkunft-in-stoupa-maniatiko-village-in-mani\/#breadcrumb","itemListElement":[{"@type":"ListItem","position":1,"name":"Home","item":"https:\/\/www.maniatikovillage.com\/de\/"},{"@type":"ListItem","position":2,"name":"Maniatiko Village","item":"https:\/\/www.maniatikovillage.com\/de\/"},{"@type":"ListItem","position":3,"name":"Das Resort"}]},{"@type":"WebSite","@id":"https:\/\/www.maniatikovillage.com\/en\/#website","url":"https:\/\/www.maniatikovillage.com\/en\/","name":"Maniatiko Village Resort Stoupa - \u03a3\u03c4\u03bf\u03cd\u03c0\u03b1, \u039c\u03ac\u03bd\u03b7","description":"Ruhige Ferien in Stoupa, Mani","publisher":{"@id":"https:\/\/www.maniatikovillage.com\/en\/#organization"},"potentialAction":[{"@type":"SearchAction","target":{"@type":"EntryPoint","urlTemplate":"https:\/\/www.maniatikovillage.com\/en\/?s={search_term_string}"},"query-input":{"@type":"PropertyValueSpecification","valueRequired":true,"valueName":"search_term_string"}}],"inLanguage":"de"},{"@type":"Organization","@id":"https:\/\/www.maniatikovillage.com\/en\/#organization","name":"Maniatiko Village Resort Stoupa - \u03a3\u03c4\u03bf\u03cd\u03c0\u03b1, \u039c\u03ac\u03bd\u03b7","url":"https:\/\/www.maniatikovillage.com\/en\/","logo":{"@type":"ImageObject","inLanguage":"de","@id":"https:\/\/www.maniatikovillage.com\/en\/#\/schema\/logo\/image\/","url":"https:\/\/www.maniatikovillage.com\/wp-content\/uploads\/2018\/12\/footer-logo.png","contentUrl":"https:\/\/www.maniatikovillage.com\/wp-content\/uploads\/2018\/12\/footer-logo.png","width":79,"height":100,"caption":"Maniatiko Village Resort Stoupa - \u03a3\u03c4\u03bf\u03cd\u03c0\u03b1, \u039c\u03ac\u03bd\u03b7"},"image":{"@id":"https:\/\/www.maniatikovillage.com\/en\/#\/schema\/logo\/image\/"},"sameAs":["https:\/\/www.facebook.com\/maniatikovillage","https:\/\/www.instagram.com\/maniatiko.village\/"]}]}},"_links":{"self":[{"href":"https:\/\/www.maniatikovillage.com\/de\/wp-json\/wp\/v2\/pages\/93","targetHints":{"allow":["GET"]}}],"collection":[{"href":"https:\/\/www.maniatikovillage.com\/de\/wp-json\/wp\/v2\/pages"}],"about":[{"href":"https:\/\/www.maniatikovillage.com\/de\/wp-json\/wp\/v2\/types\/page"}],"author":[{"embeddable":true,"href":"https:\/\/www.maniatikovillage.com\/de\/wp-json\/wp\/v2\/users\/1"}],"replies":[{"embeddable":true,"href":"https:\/\/www.maniatikovillage.com\/de\/wp-json\/wp\/v2\/comments?post=93"}],"version-history":[{"count":17,"href":"https:\/\/www.maniatikovillage.com\/de\/wp-json\/wp\/v2\/pages\/93\/revisions"}],"predecessor-version":[{"id":2519,"href":"https:\/\/www.maniatikovillage.com\/de\/wp-json\/wp\/v2\/pages\/93\/revisions\/2519"}],"up":[{"embeddable":true,"href":"https:\/\/www.maniatikovillage.com\/de\/wp-json\/wp\/v2\/pages\/83"}],"wp:featuredmedia":[{"embeddable":true,"href":"https:\/\/www.maniatikovillage.com\/de\/wp-json\/wp\/v2\/media\/2361"}],"wp:attachment":[{"href":"https:\/\/www.maniatikovillage.com\/de\/wp-json\/wp\/v2\/media?parent=93"}],"curies":[{"name":"wp","href":"https:\/\/api.w.org\/{rel}","templated":true}]}}