{"id":83,"date":"2018-12-04T14:27:21","date_gmt":"2018-12-04T12:27:21","guid":{"rendered":"https:\/\/www.webstation.gr\/maniatiko\/maniatiko-village\/"},"modified":"2024-11-21T12:29:30","modified_gmt":"2024-11-21T10:29:30","slug":"beste-unterkunft-in-stoupa-maniatiko-village-steinhaeuser-in-mani","status":"publish","type":"page","link":"https:\/\/www.maniatikovillage.com\/de\/","title":{"rendered":"Maniatiko Village"},"content":{"rendered":"<h3>Beste Unterkunft in Stoupa im Maniatiko Village<\/h3>\n<hr \/>\n<h3>Ikonische Gastfreundschaft und Traditionelle Unterkunft in Stoupa<\/h3>\n<p>Willkommen im <strong>Maniatiko Village Resort<\/strong>, Ihrer besten Wahl f\u00fcr die <strong>beste Unterkunft in Stoupa<\/strong>. Unser Resort kombiniert ikonische Gastfreundschaft mit einer friedlichen und authentischen Erfahrung. Eingebettet in die wundersch\u00f6ne <strong>Mani-Halbinsel<\/strong> ist unser Resort eine ruhige Oase f\u00fcr Reisende, die eine Mischung aus Tradition und modernem Komfort suchen. Egal, ob Sie einen Familienurlaub, eine romantische Flucht oder ein Abenteuer mit Freunden planen \u2013 das <strong>Maniatiko Village<\/strong> bietet alles, was Sie f\u00fcr einen unvergesslichen Aufenthalt ben\u00f6tigen.<\/p>\n<p>Unsere Lage, umgeben von Olivenhainen und \u00fcppigen G\u00e4rten, bietet eine ruhige Umgebung zur Entspannung und zum Kontakt mit der Natur. Die einzigartige Sch\u00f6nheit von Mani mit ihrer reichen Kultur, Geschichte und atemberaubenden Landschaft macht sie zu einem perfekten Ziel f\u00fcr Entdecker.<\/p>\n<hr \/>\n<h3>Ideale Lage in Stoupa, Mani<\/h3>\n<p>Das <strong>Maniatiko Village<\/strong> liegt im charmanten K\u00fcstendorf <strong>Stoupa<\/strong>, nur <strong>40 Minuten vom Flughafen Kalamata<\/strong> und <strong>2,5 Stunden von Athen<\/strong> entfernt. Stoupa, der beliebteste Touristenort in Messinia, ist bekannt f\u00fcr seine einladende Atmosph\u00e4re und beeindruckenden Str\u00e4nde. Der ber\u00fchmte <strong>Stoupa-Strand<\/strong>, mit seinem kristallklaren Wasser und goldenen Sand, ist nur eine kurze Fahrt entfernt und bietet den perfekten Ort zum Schwimmen, Sonnenbaden und f\u00fcr Familienspa\u00df.<\/p>\n<p>Stoupa dient auch als Tor zur <strong>Mani-Halbinsel<\/strong>, wo Sie malerische D\u00f6rfer, antike St\u00e4tten und dramatische Berglandschaften entdecken k\u00f6nnen. Von Wanderwegen bis hin zu kulturellen Sehensw\u00fcrdigkeiten bietet die Region unendliche M\u00f6glichkeiten f\u00fcr Abenteuer.<\/p>\n<hr \/>\n<h3>Traditionelle Steinh\u00e4user f\u00fcr Ihren Aufenthalt in Stoupa<\/h3>\n<p>Im <strong>Maniatiko Village Resort<\/strong> sind wir stolz darauf, <strong>23 unabh\u00e4ngige Steinh\u00e4user<\/strong> anzubieten, die die traditionelle Architektur der Mani-Region widerspiegeln. Jedes Haus wurde sorgf\u00e4ltig entworfen, um rustikalen Charme mit modernen Annehmlichkeiten zu verbinden, und bietet einen komfortablen und unvergesslichen Aufenthalt. Die H\u00e4user bieten Platz f\u00fcr 2 bis 5 G\u00e4ste und sind damit ideal f\u00fcr Familien, Paare und Gruppen.<\/p>\n<p>Jedes Haus ist mit einer voll ausgestatteten K\u00fcche, Klimaanlage, WLAN und gem\u00fctlichen M\u00f6beln ausgestattet, um Ihnen den Komfort eines Zuhauses zu bieten. Mit privaten Terrassen und atemberaubendem Blick auf die umliegende Landschaft k\u00f6nnen Sie vollkommene Privatsph\u00e4re und Entspannung genie\u00dfen.<\/p>\n<hr \/>\n<h3>Authentische K\u00fcche im Frigano Restaurant<\/h3>\n<p>Genie\u00dfen Sie die Aromen der <strong>Mani-Region<\/strong> in unserem <strong>Frigano Restaurant<\/strong>, wo wir Fr\u00fchst\u00fcck, Mittag- und Abendessen servieren. Unser Men\u00fc bietet traditionelle Rezepte und lokale Zutaten, die das kulinarische Erbe der Region hervorheben. Ob Sie ein herzhaftes Fr\u00fchst\u00fcck genie\u00dfen, um Ihren Tag zu beginnen, oder ein entspanntes Abendessen mit Freunden \u2013 das <strong>Frigano Restaurant<\/strong> bietet ein unvergessliches kulinarisches Erlebnis.<\/p>\n<p>Das Restaurant ist auch ein vielseitiger Veranstaltungsort f\u00fcr Feiern, von Familienfesten bis hin zu privaten Zusammenk\u00fcnften. Die warme Atmosph\u00e4re und der au\u00dfergew\u00f6hnliche Service machen jede Veranstaltung zu etwas Besonderem.<\/p>\n","protected":false},"excerpt":{"rendered":"<p>Beste Unterkunft in Stoupa im Maniatiko Village Ikonische Gastfreundschaft und Traditionelle Unterkunft in Stoupa Willkommen im Maniatiko Village Resort, Ihrer besten Wahl f\u00fcr die beste Unterkunft in Stoupa. Unser Resort kombiniert ikonische Gastfreundschaft mit einer friedlichen und authentischen Erfahrung. Eingebettet in die wundersch\u00f6ne Mani-Halbinsel ist unser Resort eine ruhige Oase f\u00fcr Reisende, die eine Mischung [&hellip;]<\/p>\n","protected":false},"author":1,"featured_media":1020,"parent":0,"menu_order":0,"comment_status":"closed","ping_status":"closed","template":"page-home.php","meta":{"footnotes":""},"class_list":["post-83","page","type-page","status-publish","has-post-thumbnail","hentry"],"yoast_head":"<!-- This site is optimized with the Yoast SEO plugin v23.9 - https:\/\/yoast.com\/wordpress\/plugins\/seo\/ -->\n<title>Beste Unterkunft in Stoupa | Maniatiko Village - in Mani<\/title>\n<meta name=\"description\" content=\"Erleben Sie die beste Unterkunft in Stoupa im Maniatiko Village. Traditionelle Steinh\u00e4user mit moderner Ausstattung und herrlicher Natur.\" \/>\n<meta name=\"robots\" content=\"index, follow, max-snippet:-1, max-image-preview:large, max-video-preview:-1\" \/>\n<link rel=\"canonical\" href=\"https:\/\/www.maniatikovillage.com\/de\/\" \/>\n<meta property=\"og:locale\" content=\"de_DE\" \/>\n<meta property=\"og:type\" content=\"article\" \/>\n<meta property=\"og:title\" content=\"Beste Unterkunft in Stoupa | Maniatiko Village - in Mani\" \/>\n<meta property=\"og:description\" content=\"Erleben Sie die beste Unterkunft in Stoupa im Maniatiko Village. Traditionelle Steinh\u00e4user mit moderner Ausstattung und herrlicher Natur.\" \/>\n<meta property=\"og:url\" content=\"https:\/\/www.maniatikovillage.com\/de\/\" \/>\n<meta property=\"og:site_name\" content=\"Maniatiko Village Resort Stoupa, Mani\" \/>\n<meta property=\"article:publisher\" content=\"https:\/\/www.facebook.com\/maniatikovillage\" \/>\n<meta property=\"article:modified_time\" content=\"2024-11-21T10:29:30+00:00\" \/>\n<meta property=\"og:image\" content=\"https:\/\/www.maniatikovillage.com\/wp-content\/uploads\/2019\/10\/LR-308.jpg\" \/>\n\t<meta property=\"og:image:width\" content=\"1000\" \/>\n\t<meta property=\"og:image:height\" content=\"667\" \/>\n\t<meta property=\"og:image:type\" content=\"image\/jpeg\" \/>\n<meta name=\"twitter:card\" content=\"summary_large_image\" \/>\n<meta name=\"twitter:label1\" content=\"Gesch\u00e4tzte Lesezeit\" \/>\n\t<meta name=\"twitter:data1\" content=\"3\u00a0Minuten\" \/>\n<script type=\"application\/ld+json\" class=\"yoast-schema-graph\">{\"@context\":\"https:\/\/schema.org\",\"@graph\":[{\"@type\":\"WebPage\",\"@id\":\"https:\/\/www.maniatikovillage.com\/de\/\",\"url\":\"https:\/\/www.maniatikovillage.com\/de\/\",\"name\":\"Beste Unterkunft in Stoupa | Maniatiko Village - in Mani\",\"isPartOf\":{\"@id\":\"https:\/\/www.maniatikovillage.com\/en\/#website\"},\"primaryImageOfPage\":{\"@id\":\"https:\/\/www.maniatikovillage.com\/de\/#primaryimage\"},\"image\":{\"@id\":\"https:\/\/www.maniatikovillage.com\/de\/#primaryimage\"},\"thumbnailUrl\":\"https:\/\/www.maniatikovillage.com\/wp-content\/uploads\/2019\/10\/LR-308.jpg\",\"datePublished\":\"2018-12-04T12:27:21+00:00\",\"dateModified\":\"2024-11-21T10:29:30+00:00\",\"description\":\"Erleben Sie die beste Unterkunft in Stoupa im Maniatiko Village. Traditionelle Steinh\u00e4user mit moderner Ausstattung und herrlicher Natur.\",\"breadcrumb\":{\"@id\":\"https:\/\/www.maniatikovillage.com\/de\/#breadcrumb\"},\"inLanguage\":\"de\",\"potentialAction\":[{\"@type\":\"ReadAction\",\"target\":[\"https:\/\/www.maniatikovillage.com\/de\/\"]}]},{\"@type\":\"ImageObject\",\"inLanguage\":\"de\",\"@id\":\"https:\/\/www.maniatikovillage.com\/de\/#primaryimage\",\"url\":\"https:\/\/www.maniatikovillage.com\/wp-content\/uploads\/2019\/10\/LR-308.jpg\",\"contentUrl\":\"https:\/\/www.maniatikovillage.com\/wp-content\/uploads\/2019\/10\/LR-308.jpg\",\"width\":1000,\"height\":667,\"caption\":\"Best Accommodation in Stoupa - Erleben Sie die beste Unterkunft in Stoupa im Maniatiko Village. Traditionelle Steinh\u00e4user mit moderner Ausstattung und herrlicher Natur.\"},{\"@type\":\"BreadcrumbList\",\"@id\":\"https:\/\/www.maniatikovillage.com\/de\/#breadcrumb\",\"itemListElement\":[{\"@type\":\"ListItem\",\"position\":1,\"name\":\"Home\",\"item\":\"https:\/\/www.maniatikovillage.com\/de\/\"},{\"@type\":\"ListItem\",\"position\":2,\"name\":\"Maniatiko Village\"}]},{\"@type\":\"WebSite\",\"@id\":\"https:\/\/www.maniatikovillage.com\/en\/#website\",\"url\":\"https:\/\/www.maniatikovillage.com\/en\/\",\"name\":\"Maniatiko Village Resort Stoupa - \u03a3\u03c4\u03bf\u03cd\u03c0\u03b1, \u039c\u03ac\u03bd\u03b7\",\"description\":\"Ruhige Ferien in Stoupa, Mani\",\"publisher\":{\"@id\":\"https:\/\/www.maniatikovillage.com\/en\/#organization\"},\"potentialAction\":[{\"@type\":\"SearchAction\",\"target\":{\"@type\":\"EntryPoint\",\"urlTemplate\":\"https:\/\/www.maniatikovillage.com\/en\/?s={search_term_string}\"},\"query-input\":{\"@type\":\"PropertyValueSpecification\",\"valueRequired\":true,\"valueName\":\"search_term_string\"}}],\"inLanguage\":\"de\"},{\"@type\":\"Organization\",\"@id\":\"https:\/\/www.maniatikovillage.com\/en\/#organization\",\"name\":\"Maniatiko Village Resort Stoupa - \u03a3\u03c4\u03bf\u03cd\u03c0\u03b1, \u039c\u03ac\u03bd\u03b7\",\"url\":\"https:\/\/www.maniatikovillage.com\/en\/\",\"logo\":{\"@type\":\"ImageObject\",\"inLanguage\":\"de\",\"@id\":\"https:\/\/www.maniatikovillage.com\/en\/#\/schema\/logo\/image\/\",\"url\":\"https:\/\/www.maniatikovillage.com\/wp-content\/uploads\/2018\/12\/footer-logo.png\",\"contentUrl\":\"https:\/\/www.maniatikovillage.com\/wp-content\/uploads\/2018\/12\/footer-logo.png\",\"width\":79,\"height\":100,\"caption\":\"Maniatiko Village Resort Stoupa - \u03a3\u03c4\u03bf\u03cd\u03c0\u03b1, \u039c\u03ac\u03bd\u03b7\"},\"image\":{\"@id\":\"https:\/\/www.maniatikovillage.com\/en\/#\/schema\/logo\/image\/\"},\"sameAs\":[\"https:\/\/www.facebook.com\/maniatikovillage\",\"https:\/\/www.instagram.com\/maniatiko.village\/\"]}]}<\/script>\n<!-- \/ Yoast SEO plugin. -->","yoast_head_json":{"title":"Beste Unterkunft in Stoupa | Maniatiko Village - in Mani","description":"Erleben Sie die beste Unterkunft in Stoupa im Maniatiko Village. Traditionelle Steinh\u00e4user mit moderner Ausstattung und herrlicher Natur.","robots":{"index":"index","follow":"follow","max-snippet":"max-snippet:-1","max-image-preview":"max-image-preview:large","max-video-preview":"max-video-preview:-1"},"canonical":"https:\/\/www.maniatikovillage.com\/de\/","og_locale":"de_DE","og_type":"article","og_title":"Beste Unterkunft in Stoupa | Maniatiko Village - in Mani","og_description":"Erleben Sie die beste Unterkunft in Stoupa im Maniatiko Village. Traditionelle Steinh\u00e4user mit moderner Ausstattung und herrlicher Natur.","og_url":"https:\/\/www.maniatikovillage.com\/de\/","og_site_name":"Maniatiko Village Resort Stoupa, Mani","article_publisher":"https:\/\/www.facebook.com\/maniatikovillage","article_modified_time":"2024-11-21T10:29:30+00:00","og_image":[{"width":1000,"height":667,"url":"https:\/\/www.maniatikovillage.com\/wp-content\/uploads\/2019\/10\/LR-308.jpg","type":"image\/jpeg"}],"twitter_card":"summary_large_image","twitter_misc":{"Gesch\u00e4tzte Lesezeit":"3\u00a0Minuten"},"schema":{"@context":"https:\/\/schema.org","@graph":[{"@type":"WebPage","@id":"https:\/\/www.maniatikovillage.com\/de\/","url":"https:\/\/www.maniatikovillage.com\/de\/","name":"Beste Unterkunft in Stoupa | Maniatiko Village - in Mani","isPartOf":{"@id":"https:\/\/www.maniatikovillage.com\/en\/#website"},"primaryImageOfPage":{"@id":"https:\/\/www.maniatikovillage.com\/de\/#primaryimage"},"image":{"@id":"https:\/\/www.maniatikovillage.com\/de\/#primaryimage"},"thumbnailUrl":"https:\/\/www.maniatikovillage.com\/wp-content\/uploads\/2019\/10\/LR-308.jpg","datePublished":"2018-12-04T12:27:21+00:00","dateModified":"2024-11-21T10:29:30+00:00","description":"Erleben Sie die beste Unterkunft in Stoupa im Maniatiko Village. Traditionelle Steinh\u00e4user mit moderner Ausstattung und herrlicher Natur.","breadcrumb":{"@id":"https:\/\/www.maniatikovillage.com\/de\/#breadcrumb"},"inLanguage":"de","potentialAction":[{"@type":"ReadAction","target":["https:\/\/www.maniatikovillage.com\/de\/"]}]},{"@type":"ImageObject","inLanguage":"de","@id":"https:\/\/www.maniatikovillage.com\/de\/#primaryimage","url":"https:\/\/www.maniatikovillage.com\/wp-content\/uploads\/2019\/10\/LR-308.jpg","contentUrl":"https:\/\/www.maniatikovillage.com\/wp-content\/uploads\/2019\/10\/LR-308.jpg","width":1000,"height":667,"caption":"Best Accommodation in Stoupa - Erleben Sie die beste Unterkunft in Stoupa im Maniatiko Village. Traditionelle Steinh\u00e4user mit moderner Ausstattung und herrlicher Natur."},{"@type":"BreadcrumbList","@id":"https:\/\/www.maniatikovillage.com\/de\/#breadcrumb","itemListElement":[{"@type":"ListItem","position":1,"name":"Home","item":"https:\/\/www.maniatikovillage.com\/de\/"},{"@type":"ListItem","position":2,"name":"Maniatiko Village"}]},{"@type":"WebSite","@id":"https:\/\/www.maniatikovillage.com\/en\/#website","url":"https:\/\/www.maniatikovillage.com\/en\/","name":"Maniatiko Village Resort Stoupa - \u03a3\u03c4\u03bf\u03cd\u03c0\u03b1, \u039c\u03ac\u03bd\u03b7","description":"Ruhige Ferien in Stoupa, Mani","publisher":{"@id":"https:\/\/www.maniatikovillage.com\/en\/#organization"},"potentialAction":[{"@type":"SearchAction","target":{"@type":"EntryPoint","urlTemplate":"https:\/\/www.maniatikovillage.com\/en\/?s={search_term_string}"},"query-input":{"@type":"PropertyValueSpecification","valueRequired":true,"valueName":"search_term_string"}}],"inLanguage":"de"},{"@type":"Organization","@id":"https:\/\/www.maniatikovillage.com\/en\/#organization","name":"Maniatiko Village Resort Stoupa - \u03a3\u03c4\u03bf\u03cd\u03c0\u03b1, \u039c\u03ac\u03bd\u03b7","url":"https:\/\/www.maniatikovillage.com\/en\/","logo":{"@type":"ImageObject","inLanguage":"de","@id":"https:\/\/www.maniatikovillage.com\/en\/#\/schema\/logo\/image\/","url":"https:\/\/www.maniatikovillage.com\/wp-content\/uploads\/2018\/12\/footer-logo.png","contentUrl":"https:\/\/www.maniatikovillage.com\/wp-content\/uploads\/2018\/12\/footer-logo.png","width":79,"height":100,"caption":"Maniatiko Village Resort Stoupa - \u03a3\u03c4\u03bf\u03cd\u03c0\u03b1, \u039c\u03ac\u03bd\u03b7"},"image":{"@id":"https:\/\/www.maniatikovillage.com\/en\/#\/schema\/logo\/image\/"},"sameAs":["https:\/\/www.facebook.com\/maniatikovillage","https:\/\/www.instagram.com\/maniatiko.village\/"]}]}},"_links":{"self":[{"href":"https:\/\/www.maniatikovillage.com\/de\/wp-json\/wp\/v2\/pages\/83","targetHints":{"allow":["GET"]}}],"collection":[{"href":"https:\/\/www.maniatikovillage.com\/de\/wp-json\/wp\/v2\/pages"}],"about":[{"href":"https:\/\/www.maniatikovillage.com\/de\/wp-json\/wp\/v2\/types\/page"}],"author":[{"embeddable":true,"href":"https:\/\/www.maniatikovillage.com\/de\/wp-json\/wp\/v2\/users\/1"}],"replies":[{"embeddable":true,"href":"https:\/\/www.maniatikovillage.com\/de\/wp-json\/wp\/v2\/comments?post=83"}],"version-history":[{"count":3,"href":"https:\/\/www.maniatikovillage.com\/de\/wp-json\/wp\/v2\/pages\/83\/revisions"}],"predecessor-version":[{"id":2528,"href":"https:\/\/www.maniatikovillage.com\/de\/wp-json\/wp\/v2\/pages\/83\/revisions\/2528"}],"wp:featuredmedia":[{"embeddable":true,"href":"https:\/\/www.maniatikovillage.com\/de\/wp-json\/wp\/v2\/media\/1020"}],"wp:attachment":[{"href":"https:\/\/www.maniatikovillage.com\/de\/wp-json\/wp\/v2\/media?parent=83"}],"curies":[{"name":"wp","href":"https:\/\/api.w.org\/{rel}","templated":true}]}}