{"id":282,"date":"2019-01-07T14:49:57","date_gmt":"2019-01-07T12:49:57","guid":{"rendered":"https:\/\/www.webstation.gr\/maniatiko\/frigano-restaurant\/"},"modified":"2024-11-21T14:15:18","modified_gmt":"2024-11-21T12:15:18","slug":"restaurant-in-stoupa-frigano-restaurant-maniatiko-village-resort","status":"publish","type":"page","link":"https:\/\/www.maniatikovillage.com\/de\/beste-unterkunft-in-stoupa-maniatiko-village-steinhaeuser-in-mani\/restaurant-in-stoupa-frigano-restaurant-maniatiko-village-resort\/","title":{"rendered":"Frigano Restaurant"},"content":{"rendered":"\r\n<p>Frigano Restaurant \u2013 Ein Restaurant in Stoupa, das Sie Besuchen M\u00fcssen<\/p>\r\n<p>Willkommen im Frigano Restaurant, einem wunderbaren Ort zum Essen, der sich in der ruhigen Umgebung des Maniatiko Village befindet. Als eines der besten Restaurants in Stoupa bietet Frigano eine warme und einladende Atmosph\u00e4re, k\u00f6stliche Speisen und einen atemberaubenden Blick auf das Meer. Egal, ob Sie Gast des Resorts oder Besucher der Region sind, Frigano ist der perfekte Ort, um ein sorgf\u00e4ltig zubereitetes Essen aus frischen, lokalen Zutaten zu genie\u00dfen.<\/p>\r\n<p>Unser Men\u00fc spiegelt das reiche kulinarische Erbe von Mani wider und verbindet traditionelle Rezepte mit modernen Akzenten. Wir servieren Fr\u00fchst\u00fcck, Mittag- und Abendessen, damit jede Mahlzeit eine Gelegenheit ist, die Aromen der Region zu genie\u00dfen. Viele der Zutaten stammen direkt aus unserem eigenen Garten, w\u00e4hrend t\u00e4glich frisches Brot in unserem traditionellen Holzofen gebacken wird, um Ihrem Esserlebnis eine besondere Note zu verleihen. G\u00e4ste k\u00f6nnen auch saisonale Spezialit\u00e4ten und vom K\u00fcchenchef kreierte Men\u00fcs genie\u00dfen, die die besten lokalen Produkte hervorheben.<\/p>\r\n<p>Nur einen kurzen Spaziergang vom malerischen Strand von Stoupa entfernt, bietet das Frigano Restaurant mehr als nur k\u00f6stliches Essen. Mit seinem herrlichen Meerblick ist es ein idealer Ort f\u00fcr Familienfeiern, romantische Abendessen oder zwanglose Mahlzeiten mit Freunden. Der vielseitige Raum eignet sich auch hervorragend f\u00fcr besondere Veranstaltungen, von privaten Feiern bis hin zu gr\u00f6\u00dferen Zusammenk\u00fcnften. Jede Kleinigkeit wird sorgf\u00e4ltig geplant, um sicherzustellen, dass Ihre Zeit im Frigano unvergesslich wird.<\/p>\r\n<p>Wenn Sie nach einem Restaurant in Stoupa suchen, ist das Frigano die beste Wahl. Mit authentischen Mani-Aromen, au\u00dfergew\u00f6hnlichem Service und einer entspannenden Atmosph\u00e4re versprechen wir, Ihr Esserlebnis unvergesslich zu machen. Ob Fr\u00fchst\u00fcck oder Abendessen, Frigano hei\u00dft Sie herzlich willkommen.<\/p>\r\n\r\n\r\n\r\n<div class=\"wp-block-spacer\" style=\"height: 5px;\" aria-hidden=\"true\">\u00a0<\/div>\r\n\r\n\r\n\r\n<figure class=\"wp-block-image\"><img loading=\"lazy\" decoding=\"async\" class=\"alignnone size-medium wp-image-2346\" src=\"https:\/\/www.maniatikovillage.com\/wp-content\/uploads\/2019\/01\/LR-392-300x200.jpg\" alt=\"\" width=\"300\" height=\"200\" srcset=\"https:\/\/www.maniatikovillage.com\/wp-content\/uploads\/2019\/01\/LR-392-300x200.jpg 300w, https:\/\/www.maniatikovillage.com\/wp-content\/uploads\/2019\/01\/LR-392-768x512.jpg 768w, https:\/\/www.maniatikovillage.com\/wp-content\/uploads\/2019\/01\/LR-392.jpg 1000w\" sizes=\"auto, (max-width: 300px) 100vw, 300px\" \/><\/figure>\r\n\r\n\r\n\r\n<p>&nbsp;<\/p>\r\n","protected":false},"excerpt":{"rendered":"<p>Authentische K\u00fcche im Frigano Restaurant &#8211; Genie\u00dfen Sie die Aromen der Mani-Region in unserem Frigano Restaurant, wo wir Fr\u00fchst\u00fcck, Mittag- und Abendessen servieren. Unser Men\u00fc bietet traditionelle Rezepte und lokale Zutaten, die das kulinarische Erbe der Region hervorheben. Ob Sie ein herzhaftes Fr\u00fchst\u00fcck genie\u00dfen, um Ihren Tag zu beginnen, oder ein entspanntes Abendessen mit Freunden \u2013 das Frigano Restaurant bietet ein unvergessliches kulinarisches Erlebnis.<\/p>\n<p>Das Restaurant ist auch ein vielseitiger Veranstaltungsort f\u00fcr Feiern, von Familienfesten bis hin zu privaten Zusammenk\u00fcnften. Die warme Atmosph\u00e4re und der au\u00dfergew\u00f6hnliche Service machen jede Veranstaltung zu etwas Besonderem.<\/p>\n","protected":false},"author":1,"featured_media":2331,"parent":83,"menu_order":0,"comment_status":"closed","ping_status":"closed","template":"page-narrow.php","meta":{"footnotes":""},"class_list":["post-282","page","type-page","status-publish","has-post-thumbnail","hentry"],"yoast_head":"<!-- This site is optimized with the Yoast SEO plugin v23.9 - https:\/\/yoast.com\/wordpress\/plugins\/seo\/ -->\n<title>Restaurant Stoupa - Frigano Restaurant | Maniatiko Village Resort Stoupa, Mani<\/title>\n<meta name=\"description\" content=\"Besuchen Sie Frigano, ein Restaurant in Stoupa, das traditionelle Mani-Aromen mit frischen Zutaten und herrlichem Meerblick bietet.\" \/>\n<meta name=\"robots\" content=\"index, follow, max-snippet:-1, max-image-preview:large, max-video-preview:-1\" \/>\n<link rel=\"canonical\" href=\"https:\/\/www.maniatikovillage.com\/de\/beste-unterkunft-in-stoupa-maniatiko-village-steinhaeuser-in-mani\/restaurant-in-stoupa-frigano-restaurant-maniatiko-village-resort\/\" \/>\n<meta property=\"og:locale\" content=\"de_DE\" \/>\n<meta property=\"og:type\" content=\"article\" \/>\n<meta property=\"og:title\" content=\"Restaurant Stoupa - Frigano Restaurant | Maniatiko Village Resort Stoupa, Mani\" \/>\n<meta property=\"og:description\" content=\"Besuchen Sie Frigano, ein Restaurant in Stoupa, das traditionelle Mani-Aromen mit frischen Zutaten und herrlichem Meerblick bietet.\" \/>\n<meta property=\"og:url\" content=\"https:\/\/www.maniatikovillage.com\/de\/beste-unterkunft-in-stoupa-maniatiko-village-steinhaeuser-in-mani\/restaurant-in-stoupa-frigano-restaurant-maniatiko-village-resort\/\" \/>\n<meta property=\"og:site_name\" content=\"Maniatiko Village Resort Stoupa, Mani\" \/>\n<meta property=\"article:publisher\" content=\"https:\/\/www.facebook.com\/maniatikovillage\" \/>\n<meta property=\"article:modified_time\" content=\"2024-11-21T12:15:18+00:00\" \/>\n<meta property=\"og:image\" content=\"https:\/\/www.maniatikovillage.com\/wp-content\/uploads\/2019\/01\/LR-387.jpg\" \/>\n\t<meta property=\"og:image:width\" content=\"1000\" \/>\n\t<meta property=\"og:image:height\" content=\"667\" \/>\n\t<meta property=\"og:image:type\" content=\"image\/jpeg\" \/>\n<meta name=\"twitter:card\" content=\"summary_large_image\" \/>\n<meta name=\"twitter:label1\" content=\"Gesch\u00e4tzte Lesezeit\" \/>\n\t<meta name=\"twitter:data1\" content=\"2\u00a0Minuten\" \/>\n<script type=\"application\/ld+json\" class=\"yoast-schema-graph\">{\"@context\":\"https:\/\/schema.org\",\"@graph\":[{\"@type\":\"WebPage\",\"@id\":\"https:\/\/www.maniatikovillage.com\/de\/beste-unterkunft-in-stoupa-maniatiko-village-steinhaeuser-in-mani\/restaurant-in-stoupa-frigano-restaurant-maniatiko-village-resort\/\",\"url\":\"https:\/\/www.maniatikovillage.com\/de\/beste-unterkunft-in-stoupa-maniatiko-village-steinhaeuser-in-mani\/restaurant-in-stoupa-frigano-restaurant-maniatiko-village-resort\/\",\"name\":\"Restaurant Stoupa - Frigano Restaurant | Maniatiko Village Resort Stoupa, Mani\",\"isPartOf\":{\"@id\":\"https:\/\/www.maniatikovillage.com\/en\/#website\"},\"primaryImageOfPage\":{\"@id\":\"https:\/\/www.maniatikovillage.com\/de\/beste-unterkunft-in-stoupa-maniatiko-village-steinhaeuser-in-mani\/restaurant-in-stoupa-frigano-restaurant-maniatiko-village-resort\/#primaryimage\"},\"image\":{\"@id\":\"https:\/\/www.maniatikovillage.com\/de\/beste-unterkunft-in-stoupa-maniatiko-village-steinhaeuser-in-mani\/restaurant-in-stoupa-frigano-restaurant-maniatiko-village-resort\/#primaryimage\"},\"thumbnailUrl\":\"https:\/\/www.maniatikovillage.com\/wp-content\/uploads\/2019\/01\/LR-387.jpg\",\"datePublished\":\"2019-01-07T12:49:57+00:00\",\"dateModified\":\"2024-11-21T12:15:18+00:00\",\"description\":\"Besuchen Sie Frigano, ein Restaurant in Stoupa, das traditionelle Mani-Aromen mit frischen Zutaten und herrlichem Meerblick bietet.\",\"breadcrumb\":{\"@id\":\"https:\/\/www.maniatikovillage.com\/de\/beste-unterkunft-in-stoupa-maniatiko-village-steinhaeuser-in-mani\/restaurant-in-stoupa-frigano-restaurant-maniatiko-village-resort\/#breadcrumb\"},\"inLanguage\":\"de\",\"potentialAction\":[{\"@type\":\"ReadAction\",\"target\":[\"https:\/\/www.maniatikovillage.com\/de\/beste-unterkunft-in-stoupa-maniatiko-village-steinhaeuser-in-mani\/restaurant-in-stoupa-frigano-restaurant-maniatiko-village-resort\/\"]}]},{\"@type\":\"ImageObject\",\"inLanguage\":\"de\",\"@id\":\"https:\/\/www.maniatikovillage.com\/de\/beste-unterkunft-in-stoupa-maniatiko-village-steinhaeuser-in-mani\/restaurant-in-stoupa-frigano-restaurant-maniatiko-village-resort\/#primaryimage\",\"url\":\"https:\/\/www.maniatikovillage.com\/wp-content\/uploads\/2019\/01\/LR-387.jpg\",\"contentUrl\":\"https:\/\/www.maniatikovillage.com\/wp-content\/uploads\/2019\/01\/LR-387.jpg\",\"width\":1000,\"height\":667,\"caption\":\"Restaurant in Stoupa\"},{\"@type\":\"BreadcrumbList\",\"@id\":\"https:\/\/www.maniatikovillage.com\/de\/beste-unterkunft-in-stoupa-maniatiko-village-steinhaeuser-in-mani\/restaurant-in-stoupa-frigano-restaurant-maniatiko-village-resort\/#breadcrumb\",\"itemListElement\":[{\"@type\":\"ListItem\",\"position\":1,\"name\":\"Home\",\"item\":\"https:\/\/www.maniatikovillage.com\/de\/\"},{\"@type\":\"ListItem\",\"position\":2,\"name\":\"Maniatiko Village\",\"item\":\"https:\/\/www.maniatikovillage.com\/de\/\"},{\"@type\":\"ListItem\",\"position\":3,\"name\":\"Frigano Restaurant\"}]},{\"@type\":\"WebSite\",\"@id\":\"https:\/\/www.maniatikovillage.com\/en\/#website\",\"url\":\"https:\/\/www.maniatikovillage.com\/en\/\",\"name\":\"Maniatiko Village Resort Stoupa - \u03a3\u03c4\u03bf\u03cd\u03c0\u03b1, \u039c\u03ac\u03bd\u03b7\",\"description\":\"Ruhige Ferien in Stoupa, Mani\",\"publisher\":{\"@id\":\"https:\/\/www.maniatikovillage.com\/en\/#organization\"},\"potentialAction\":[{\"@type\":\"SearchAction\",\"target\":{\"@type\":\"EntryPoint\",\"urlTemplate\":\"https:\/\/www.maniatikovillage.com\/en\/?s={search_term_string}\"},\"query-input\":{\"@type\":\"PropertyValueSpecification\",\"valueRequired\":true,\"valueName\":\"search_term_string\"}}],\"inLanguage\":\"de\"},{\"@type\":\"Organization\",\"@id\":\"https:\/\/www.maniatikovillage.com\/en\/#organization\",\"name\":\"Maniatiko Village Resort Stoupa - \u03a3\u03c4\u03bf\u03cd\u03c0\u03b1, \u039c\u03ac\u03bd\u03b7\",\"url\":\"https:\/\/www.maniatikovillage.com\/en\/\",\"logo\":{\"@type\":\"ImageObject\",\"inLanguage\":\"de\",\"@id\":\"https:\/\/www.maniatikovillage.com\/en\/#\/schema\/logo\/image\/\",\"url\":\"https:\/\/www.maniatikovillage.com\/wp-content\/uploads\/2018\/12\/footer-logo.png\",\"contentUrl\":\"https:\/\/www.maniatikovillage.com\/wp-content\/uploads\/2018\/12\/footer-logo.png\",\"width\":79,\"height\":100,\"caption\":\"Maniatiko Village Resort Stoupa - \u03a3\u03c4\u03bf\u03cd\u03c0\u03b1, \u039c\u03ac\u03bd\u03b7\"},\"image\":{\"@id\":\"https:\/\/www.maniatikovillage.com\/en\/#\/schema\/logo\/image\/\"},\"sameAs\":[\"https:\/\/www.facebook.com\/maniatikovillage\",\"https:\/\/www.instagram.com\/maniatiko.village\/\"]}]}<\/script>\n<!-- \/ Yoast SEO plugin. -->","yoast_head_json":{"title":"Restaurant Stoupa - Frigano Restaurant | Maniatiko Village Resort Stoupa, Mani","description":"Besuchen Sie Frigano, ein Restaurant in Stoupa, das traditionelle Mani-Aromen mit frischen Zutaten und herrlichem Meerblick bietet.","robots":{"index":"index","follow":"follow","max-snippet":"max-snippet:-1","max-image-preview":"max-image-preview:large","max-video-preview":"max-video-preview:-1"},"canonical":"https:\/\/www.maniatikovillage.com\/de\/beste-unterkunft-in-stoupa-maniatiko-village-steinhaeuser-in-mani\/restaurant-in-stoupa-frigano-restaurant-maniatiko-village-resort\/","og_locale":"de_DE","og_type":"article","og_title":"Restaurant Stoupa - Frigano Restaurant | Maniatiko Village Resort Stoupa, Mani","og_description":"Besuchen Sie Frigano, ein Restaurant in Stoupa, das traditionelle Mani-Aromen mit frischen Zutaten und herrlichem Meerblick bietet.","og_url":"https:\/\/www.maniatikovillage.com\/de\/beste-unterkunft-in-stoupa-maniatiko-village-steinhaeuser-in-mani\/restaurant-in-stoupa-frigano-restaurant-maniatiko-village-resort\/","og_site_name":"Maniatiko Village Resort Stoupa, Mani","article_publisher":"https:\/\/www.facebook.com\/maniatikovillage","article_modified_time":"2024-11-21T12:15:18+00:00","og_image":[{"width":1000,"height":667,"url":"https:\/\/www.maniatikovillage.com\/wp-content\/uploads\/2019\/01\/LR-387.jpg","type":"image\/jpeg"}],"twitter_card":"summary_large_image","twitter_misc":{"Gesch\u00e4tzte Lesezeit":"2\u00a0Minuten"},"schema":{"@context":"https:\/\/schema.org","@graph":[{"@type":"WebPage","@id":"https:\/\/www.maniatikovillage.com\/de\/beste-unterkunft-in-stoupa-maniatiko-village-steinhaeuser-in-mani\/restaurant-in-stoupa-frigano-restaurant-maniatiko-village-resort\/","url":"https:\/\/www.maniatikovillage.com\/de\/beste-unterkunft-in-stoupa-maniatiko-village-steinhaeuser-in-mani\/restaurant-in-stoupa-frigano-restaurant-maniatiko-village-resort\/","name":"Restaurant Stoupa - Frigano Restaurant | Maniatiko Village Resort Stoupa, Mani","isPartOf":{"@id":"https:\/\/www.maniatikovillage.com\/en\/#website"},"primaryImageOfPage":{"@id":"https:\/\/www.maniatikovillage.com\/de\/beste-unterkunft-in-stoupa-maniatiko-village-steinhaeuser-in-mani\/restaurant-in-stoupa-frigano-restaurant-maniatiko-village-resort\/#primaryimage"},"image":{"@id":"https:\/\/www.maniatikovillage.com\/de\/beste-unterkunft-in-stoupa-maniatiko-village-steinhaeuser-in-mani\/restaurant-in-stoupa-frigano-restaurant-maniatiko-village-resort\/#primaryimage"},"thumbnailUrl":"https:\/\/www.maniatikovillage.com\/wp-content\/uploads\/2019\/01\/LR-387.jpg","datePublished":"2019-01-07T12:49:57+00:00","dateModified":"2024-11-21T12:15:18+00:00","description":"Besuchen Sie Frigano, ein Restaurant in Stoupa, das traditionelle Mani-Aromen mit frischen Zutaten und herrlichem Meerblick bietet.","breadcrumb":{"@id":"https:\/\/www.maniatikovillage.com\/de\/beste-unterkunft-in-stoupa-maniatiko-village-steinhaeuser-in-mani\/restaurant-in-stoupa-frigano-restaurant-maniatiko-village-resort\/#breadcrumb"},"inLanguage":"de","potentialAction":[{"@type":"ReadAction","target":["https:\/\/www.maniatikovillage.com\/de\/beste-unterkunft-in-stoupa-maniatiko-village-steinhaeuser-in-mani\/restaurant-in-stoupa-frigano-restaurant-maniatiko-village-resort\/"]}]},{"@type":"ImageObject","inLanguage":"de","@id":"https:\/\/www.maniatikovillage.com\/de\/beste-unterkunft-in-stoupa-maniatiko-village-steinhaeuser-in-mani\/restaurant-in-stoupa-frigano-restaurant-maniatiko-village-resort\/#primaryimage","url":"https:\/\/www.maniatikovillage.com\/wp-content\/uploads\/2019\/01\/LR-387.jpg","contentUrl":"https:\/\/www.maniatikovillage.com\/wp-content\/uploads\/2019\/01\/LR-387.jpg","width":1000,"height":667,"caption":"Restaurant in Stoupa"},{"@type":"BreadcrumbList","@id":"https:\/\/www.maniatikovillage.com\/de\/beste-unterkunft-in-stoupa-maniatiko-village-steinhaeuser-in-mani\/restaurant-in-stoupa-frigano-restaurant-maniatiko-village-resort\/#breadcrumb","itemListElement":[{"@type":"ListItem","position":1,"name":"Home","item":"https:\/\/www.maniatikovillage.com\/de\/"},{"@type":"ListItem","position":2,"name":"Maniatiko Village","item":"https:\/\/www.maniatikovillage.com\/de\/"},{"@type":"ListItem","position":3,"name":"Frigano Restaurant"}]},{"@type":"WebSite","@id":"https:\/\/www.maniatikovillage.com\/en\/#website","url":"https:\/\/www.maniatikovillage.com\/en\/","name":"Maniatiko Village Resort Stoupa - \u03a3\u03c4\u03bf\u03cd\u03c0\u03b1, \u039c\u03ac\u03bd\u03b7","description":"Ruhige Ferien in Stoupa, Mani","publisher":{"@id":"https:\/\/www.maniatikovillage.com\/en\/#organization"},"potentialAction":[{"@type":"SearchAction","target":{"@type":"EntryPoint","urlTemplate":"https:\/\/www.maniatikovillage.com\/en\/?s={search_term_string}"},"query-input":{"@type":"PropertyValueSpecification","valueRequired":true,"valueName":"search_term_string"}}],"inLanguage":"de"},{"@type":"Organization","@id":"https:\/\/www.maniatikovillage.com\/en\/#organization","name":"Maniatiko Village Resort Stoupa - \u03a3\u03c4\u03bf\u03cd\u03c0\u03b1, \u039c\u03ac\u03bd\u03b7","url":"https:\/\/www.maniatikovillage.com\/en\/","logo":{"@type":"ImageObject","inLanguage":"de","@id":"https:\/\/www.maniatikovillage.com\/en\/#\/schema\/logo\/image\/","url":"https:\/\/www.maniatikovillage.com\/wp-content\/uploads\/2018\/12\/footer-logo.png","contentUrl":"https:\/\/www.maniatikovillage.com\/wp-content\/uploads\/2018\/12\/footer-logo.png","width":79,"height":100,"caption":"Maniatiko Village Resort Stoupa - \u03a3\u03c4\u03bf\u03cd\u03c0\u03b1, \u039c\u03ac\u03bd\u03b7"},"image":{"@id":"https:\/\/www.maniatikovillage.com\/en\/#\/schema\/logo\/image\/"},"sameAs":["https:\/\/www.facebook.com\/maniatikovillage","https:\/\/www.instagram.com\/maniatiko.village\/"]}]}},"_links":{"self":[{"href":"https:\/\/www.maniatikovillage.com\/de\/wp-json\/wp\/v2\/pages\/282","targetHints":{"allow":["GET"]}}],"collection":[{"href":"https:\/\/www.maniatikovillage.com\/de\/wp-json\/wp\/v2\/pages"}],"about":[{"href":"https:\/\/www.maniatikovillage.com\/de\/wp-json\/wp\/v2\/types\/page"}],"author":[{"embeddable":true,"href":"https:\/\/www.maniatikovillage.com\/de\/wp-json\/wp\/v2\/users\/1"}],"replies":[{"embeddable":true,"href":"https:\/\/www.maniatikovillage.com\/de\/wp-json\/wp\/v2\/comments?post=282"}],"version-history":[{"count":23,"href":"https:\/\/www.maniatikovillage.com\/de\/wp-json\/wp\/v2\/pages\/282\/revisions"}],"predecessor-version":[{"id":2552,"href":"https:\/\/www.maniatikovillage.com\/de\/wp-json\/wp\/v2\/pages\/282\/revisions\/2552"}],"up":[{"embeddable":true,"href":"https:\/\/www.maniatikovillage.com\/de\/wp-json\/wp\/v2\/pages\/83"}],"wp:featuredmedia":[{"embeddable":true,"href":"https:\/\/www.maniatikovillage.com\/de\/wp-json\/wp\/v2\/media\/2331"}],"wp:attachment":[{"href":"https:\/\/www.maniatikovillage.com\/de\/wp-json\/wp\/v2\/media?parent=282"}],"curies":[{"name":"wp","href":"https:\/\/api.w.org\/{rel}","templated":true}]}}