{"id":274,"date":"2018-12-14T14:15:29","date_gmt":"2018-12-14T12:15:29","guid":{"rendered":"https:\/\/www.webstation.gr\/maniatiko\/residence-complex\/"},"modified":"2024-11-21T13:43:01","modified_gmt":"2024-11-21T11:43:01","slug":"unterkunft-im-peloponnes-maniatiko-village-resort","status":"publish","type":"page","link":"https:\/\/www.maniatikovillage.com\/de\/beste-unterkunft-in-stoupa-maniatiko-village-steinhaeuser-in-mani\/unterkunft-im-peloponnes-maniatiko-village-resort\/","title":{"rendered":"Wohnanlage"},"content":{"rendered":"\r\n<p><strong>Maniatiko Village, Ihre Unterkunft im Peloponnes<\/strong><\/p>\r\n<p>Entdecken Sie au\u00dfergew\u00f6hnliche Unterkunft im Peloponnes im Maniatiko Village Resort, einem einzigartigen Reiseziel mit 23 unabh\u00e4ngigen Steinh\u00e4usern, die die traditionelle Architektur von Mani widerspiegeln. Jedes Haus ist sorgf\u00e4ltig gestaltet, um rustikalen Charme mit modernen Annehmlichkeiten zu verbinden und eine gem\u00fctliche, einladende Atmosph\u00e4re f\u00fcr jeden Gast zu schaffen. Voll ausgestattet und m\u00f6bliert, bieten unsere Steinh\u00e4user Platz f\u00fcr 2 bis 5 G\u00e4ste und sind die ideale Wahl f\u00fcr Familien, Paare oder Freundesgruppen, die Privatsph\u00e4re und Ruhe suchen.<\/p>\r\n<p>Eingebettet in eine friedliche Umgebung, nur 1,5 km vom ber\u00fchmten Strand von Stoupa entfernt, ist das Maniatiko Village von \u00fcppigen Olivenhainen und farbenfrohen G\u00e4rten umgeben, die zur entspannten Atmosph\u00e4re beitragen. G\u00e4ste k\u00f6nnen exklusive Einrichtungen wie private Parkpl\u00e4tze, Balkone mit atemberaubendem Blick auf das Meer oder den Garten und voll ausgestattete K\u00fcchen genie\u00dfen, um hausgemachte Mahlzeiten zuzubereiten. Egal, ob Sie am Au\u00dfenpool entspannen oder die Region erkunden m\u00f6chten, unser Resort bietet alles, was Sie f\u00fcr einen unvergesslichen Aufenthalt ben\u00f6tigen.<\/p>\r\n<p>Das Resort ist perfekt gelegen, um Ihre Reise in den Peloponnes zu beginnen \u2013 eine Region voller Geschichte, nat\u00fcrlicher Sch\u00f6nheit und kulturellem Charme. Machen Sie einen entspannten Spaziergang zum Strand von Stoupa, bekannt f\u00fcr sein kristallklares Wasser und seine hervorragende Infrastruktur. Von hier aus k\u00f6nnen Sie die raue K\u00fcstenlinie entdecken, malerische D\u00f6rfer besuchen oder in das Herz von Mani eintauchen, um ihre vielen verborgenen Sch\u00e4tze zu entdecken.<\/p>\r\n<p>Ob Entspannung oder Abenteuer \u2013 das Maniatiko Village bietet unvergleichliche Unterkunft im Peloponnes, die die traditionelle Gastfreundschaft von Mani mit dem Komfort modernen Wohnens vereint. Vertrauen Sie uns, um Ihren Aufenthalt unvergesslich zu machen.<\/p>\r\n","protected":false},"excerpt":{"rendered":"<p>Traditionelle Steinh\u00e4user f\u00fcr Ihren Aufenthalt in Stoupa &#8211; Im Maniatiko Village Resort sind wir stolz darauf, 23 unabh\u00e4ngige Steinh\u00e4user anzubieten, die die traditionelle Architektur der Mani-Region widerspiegeln. Jedes Haus wurde sorgf\u00e4ltig entworfen, um rustikalen Charme mit modernen Annehmlichkeiten zu verbinden, und bietet einen komfortablen und unvergesslichen Aufenthalt. Die H\u00e4user bieten Platz f\u00fcr 2 bis 5 G\u00e4ste und sind damit ideal f\u00fcr Familien, Paare und Gruppen.<\/p>\n<p>Jedes Haus ist mit einer voll ausgestatteten K\u00fcche, Klimaanlage, WLAN und gem\u00fctlichen M\u00f6beln ausgestattet, um Ihnen den Komfort eines Zuhauses zu bieten. Mit privaten Terrassen und atemberaubendem Blick auf die umliegende Landschaft k\u00f6nnen Sie vollkommene Privatsph\u00e4re und Entspannung genie\u00dfen.<\/p>\n","protected":false},"author":1,"featured_media":1860,"parent":83,"menu_order":0,"comment_status":"closed","ping_status":"closed","template":"page-houses.php","meta":{"footnotes":""},"class_list":["post-274","page","type-page","status-publish","has-post-thumbnail","hentry"],"yoast_head":"<!-- This site is optimized with the Yoast SEO plugin v23.9 - https:\/\/yoast.com\/wordpress\/plugins\/seo\/ -->\n<title>Unterkunft im Peloponnes | Maniatiko Village Resort<\/title>\n<meta name=\"description\" content=\"Entdecken Sie Unterkunft im Peloponnes im Maniatiko Village. Steinh\u00e4user mit moderner Ausstattung, nur 1,5 km vom Strand von Stoupa entfernt.\" \/>\n<meta name=\"robots\" content=\"index, follow, max-snippet:-1, max-image-preview:large, max-video-preview:-1\" \/>\n<link rel=\"canonical\" href=\"https:\/\/www.maniatikovillage.com\/de\/beste-unterkunft-in-stoupa-maniatiko-village-steinhaeuser-in-mani\/unterkunft-im-peloponnes-maniatiko-village-resort\/\" \/>\n<meta property=\"og:locale\" content=\"de_DE\" \/>\n<meta property=\"og:type\" content=\"article\" \/>\n<meta property=\"og:title\" content=\"Unterkunft im Peloponnes | Maniatiko Village Resort\" \/>\n<meta property=\"og:description\" content=\"Entdecken Sie Unterkunft im Peloponnes im Maniatiko Village. Steinh\u00e4user mit moderner Ausstattung, nur 1,5 km vom Strand von Stoupa entfernt.\" \/>\n<meta property=\"og:url\" content=\"https:\/\/www.maniatikovillage.com\/de\/beste-unterkunft-in-stoupa-maniatiko-village-steinhaeuser-in-mani\/unterkunft-im-peloponnes-maniatiko-village-resort\/\" \/>\n<meta property=\"og:site_name\" content=\"Maniatiko Village Resort Stoupa, Mani\" \/>\n<meta property=\"article:publisher\" content=\"https:\/\/www.facebook.com\/maniatikovillage\" \/>\n<meta property=\"article:modified_time\" content=\"2024-11-21T11:43:01+00:00\" \/>\n<meta property=\"og:image\" content=\"https:\/\/www.maniatikovillage.com\/wp-content\/uploads\/2019\/01\/LR-192.jpg\" \/>\n\t<meta property=\"og:image:width\" content=\"667\" \/>\n\t<meta property=\"og:image:height\" content=\"1000\" \/>\n\t<meta property=\"og:image:type\" content=\"image\/jpeg\" \/>\n<meta name=\"twitter:card\" content=\"summary_large_image\" \/>\n<meta name=\"twitter:label1\" content=\"Gesch\u00e4tzte Lesezeit\" \/>\n\t<meta name=\"twitter:data1\" content=\"2\u00a0Minuten\" \/>\n<script type=\"application\/ld+json\" class=\"yoast-schema-graph\">{\"@context\":\"https:\/\/schema.org\",\"@graph\":[{\"@type\":\"WebPage\",\"@id\":\"https:\/\/www.maniatikovillage.com\/de\/beste-unterkunft-in-stoupa-maniatiko-village-steinhaeuser-in-mani\/unterkunft-im-peloponnes-maniatiko-village-resort\/\",\"url\":\"https:\/\/www.maniatikovillage.com\/de\/beste-unterkunft-in-stoupa-maniatiko-village-steinhaeuser-in-mani\/unterkunft-im-peloponnes-maniatiko-village-resort\/\",\"name\":\"Unterkunft im Peloponnes | Maniatiko Village Resort\",\"isPartOf\":{\"@id\":\"https:\/\/www.maniatikovillage.com\/en\/#website\"},\"primaryImageOfPage\":{\"@id\":\"https:\/\/www.maniatikovillage.com\/de\/beste-unterkunft-in-stoupa-maniatiko-village-steinhaeuser-in-mani\/unterkunft-im-peloponnes-maniatiko-village-resort\/#primaryimage\"},\"image\":{\"@id\":\"https:\/\/www.maniatikovillage.com\/de\/beste-unterkunft-in-stoupa-maniatiko-village-steinhaeuser-in-mani\/unterkunft-im-peloponnes-maniatiko-village-resort\/#primaryimage\"},\"thumbnailUrl\":\"https:\/\/www.maniatikovillage.com\/wp-content\/uploads\/2019\/01\/LR-192.jpg\",\"datePublished\":\"2018-12-14T12:15:29+00:00\",\"dateModified\":\"2024-11-21T11:43:01+00:00\",\"description\":\"Entdecken Sie Unterkunft im Peloponnes im Maniatiko Village. Steinh\u00e4user mit moderner Ausstattung, nur 1,5 km vom Strand von Stoupa entfernt.\",\"breadcrumb\":{\"@id\":\"https:\/\/www.maniatikovillage.com\/de\/beste-unterkunft-in-stoupa-maniatiko-village-steinhaeuser-in-mani\/unterkunft-im-peloponnes-maniatiko-village-resort\/#breadcrumb\"},\"inLanguage\":\"de\",\"potentialAction\":[{\"@type\":\"ReadAction\",\"target\":[\"https:\/\/www.maniatikovillage.com\/de\/beste-unterkunft-in-stoupa-maniatiko-village-steinhaeuser-in-mani\/unterkunft-im-peloponnes-maniatiko-village-resort\/\"]}]},{\"@type\":\"ImageObject\",\"inLanguage\":\"de\",\"@id\":\"https:\/\/www.maniatikovillage.com\/de\/beste-unterkunft-in-stoupa-maniatiko-village-steinhaeuser-in-mani\/unterkunft-im-peloponnes-maniatiko-village-resort\/#primaryimage\",\"url\":\"https:\/\/www.maniatikovillage.com\/wp-content\/uploads\/2019\/01\/LR-192.jpg\",\"contentUrl\":\"https:\/\/www.maniatikovillage.com\/wp-content\/uploads\/2019\/01\/LR-192.jpg\",\"width\":667,\"height\":1000,\"caption\":\"Unterkunft im Peloponnes - Ferienhaus in Stoupa\"},{\"@type\":\"BreadcrumbList\",\"@id\":\"https:\/\/www.maniatikovillage.com\/de\/beste-unterkunft-in-stoupa-maniatiko-village-steinhaeuser-in-mani\/unterkunft-im-peloponnes-maniatiko-village-resort\/#breadcrumb\",\"itemListElement\":[{\"@type\":\"ListItem\",\"position\":1,\"name\":\"Home\",\"item\":\"https:\/\/www.maniatikovillage.com\/de\/\"},{\"@type\":\"ListItem\",\"position\":2,\"name\":\"Maniatiko Village\",\"item\":\"https:\/\/www.maniatikovillage.com\/de\/\"},{\"@type\":\"ListItem\",\"position\":3,\"name\":\"Wohnanlage\"}]},{\"@type\":\"WebSite\",\"@id\":\"https:\/\/www.maniatikovillage.com\/en\/#website\",\"url\":\"https:\/\/www.maniatikovillage.com\/en\/\",\"name\":\"Maniatiko Village Resort Stoupa - \u03a3\u03c4\u03bf\u03cd\u03c0\u03b1, \u039c\u03ac\u03bd\u03b7\",\"description\":\"Ruhige Ferien in Stoupa, Mani\",\"publisher\":{\"@id\":\"https:\/\/www.maniatikovillage.com\/en\/#organization\"},\"potentialAction\":[{\"@type\":\"SearchAction\",\"target\":{\"@type\":\"EntryPoint\",\"urlTemplate\":\"https:\/\/www.maniatikovillage.com\/en\/?s={search_term_string}\"},\"query-input\":{\"@type\":\"PropertyValueSpecification\",\"valueRequired\":true,\"valueName\":\"search_term_string\"}}],\"inLanguage\":\"de\"},{\"@type\":\"Organization\",\"@id\":\"https:\/\/www.maniatikovillage.com\/en\/#organization\",\"name\":\"Maniatiko Village Resort Stoupa - \u03a3\u03c4\u03bf\u03cd\u03c0\u03b1, \u039c\u03ac\u03bd\u03b7\",\"url\":\"https:\/\/www.maniatikovillage.com\/en\/\",\"logo\":{\"@type\":\"ImageObject\",\"inLanguage\":\"de\",\"@id\":\"https:\/\/www.maniatikovillage.com\/en\/#\/schema\/logo\/image\/\",\"url\":\"https:\/\/www.maniatikovillage.com\/wp-content\/uploads\/2018\/12\/footer-logo.png\",\"contentUrl\":\"https:\/\/www.maniatikovillage.com\/wp-content\/uploads\/2018\/12\/footer-logo.png\",\"width\":79,\"height\":100,\"caption\":\"Maniatiko Village Resort Stoupa - \u03a3\u03c4\u03bf\u03cd\u03c0\u03b1, \u039c\u03ac\u03bd\u03b7\"},\"image\":{\"@id\":\"https:\/\/www.maniatikovillage.com\/en\/#\/schema\/logo\/image\/\"},\"sameAs\":[\"https:\/\/www.facebook.com\/maniatikovillage\",\"https:\/\/www.instagram.com\/maniatiko.village\/\"]}]}<\/script>\n<!-- \/ Yoast SEO plugin. -->","yoast_head_json":{"title":"Unterkunft im Peloponnes | Maniatiko Village Resort","description":"Entdecken Sie Unterkunft im Peloponnes im Maniatiko Village. Steinh\u00e4user mit moderner Ausstattung, nur 1,5 km vom Strand von Stoupa entfernt.","robots":{"index":"index","follow":"follow","max-snippet":"max-snippet:-1","max-image-preview":"max-image-preview:large","max-video-preview":"max-video-preview:-1"},"canonical":"https:\/\/www.maniatikovillage.com\/de\/beste-unterkunft-in-stoupa-maniatiko-village-steinhaeuser-in-mani\/unterkunft-im-peloponnes-maniatiko-village-resort\/","og_locale":"de_DE","og_type":"article","og_title":"Unterkunft im Peloponnes | Maniatiko Village Resort","og_description":"Entdecken Sie Unterkunft im Peloponnes im Maniatiko Village. Steinh\u00e4user mit moderner Ausstattung, nur 1,5 km vom Strand von Stoupa entfernt.","og_url":"https:\/\/www.maniatikovillage.com\/de\/beste-unterkunft-in-stoupa-maniatiko-village-steinhaeuser-in-mani\/unterkunft-im-peloponnes-maniatiko-village-resort\/","og_site_name":"Maniatiko Village Resort Stoupa, Mani","article_publisher":"https:\/\/www.facebook.com\/maniatikovillage","article_modified_time":"2024-11-21T11:43:01+00:00","og_image":[{"width":667,"height":1000,"url":"https:\/\/www.maniatikovillage.com\/wp-content\/uploads\/2019\/01\/LR-192.jpg","type":"image\/jpeg"}],"twitter_card":"summary_large_image","twitter_misc":{"Gesch\u00e4tzte Lesezeit":"2\u00a0Minuten"},"schema":{"@context":"https:\/\/schema.org","@graph":[{"@type":"WebPage","@id":"https:\/\/www.maniatikovillage.com\/de\/beste-unterkunft-in-stoupa-maniatiko-village-steinhaeuser-in-mani\/unterkunft-im-peloponnes-maniatiko-village-resort\/","url":"https:\/\/www.maniatikovillage.com\/de\/beste-unterkunft-in-stoupa-maniatiko-village-steinhaeuser-in-mani\/unterkunft-im-peloponnes-maniatiko-village-resort\/","name":"Unterkunft im Peloponnes | Maniatiko Village Resort","isPartOf":{"@id":"https:\/\/www.maniatikovillage.com\/en\/#website"},"primaryImageOfPage":{"@id":"https:\/\/www.maniatikovillage.com\/de\/beste-unterkunft-in-stoupa-maniatiko-village-steinhaeuser-in-mani\/unterkunft-im-peloponnes-maniatiko-village-resort\/#primaryimage"},"image":{"@id":"https:\/\/www.maniatikovillage.com\/de\/beste-unterkunft-in-stoupa-maniatiko-village-steinhaeuser-in-mani\/unterkunft-im-peloponnes-maniatiko-village-resort\/#primaryimage"},"thumbnailUrl":"https:\/\/www.maniatikovillage.com\/wp-content\/uploads\/2019\/01\/LR-192.jpg","datePublished":"2018-12-14T12:15:29+00:00","dateModified":"2024-11-21T11:43:01+00:00","description":"Entdecken Sie Unterkunft im Peloponnes im Maniatiko Village. Steinh\u00e4user mit moderner Ausstattung, nur 1,5 km vom Strand von Stoupa entfernt.","breadcrumb":{"@id":"https:\/\/www.maniatikovillage.com\/de\/beste-unterkunft-in-stoupa-maniatiko-village-steinhaeuser-in-mani\/unterkunft-im-peloponnes-maniatiko-village-resort\/#breadcrumb"},"inLanguage":"de","potentialAction":[{"@type":"ReadAction","target":["https:\/\/www.maniatikovillage.com\/de\/beste-unterkunft-in-stoupa-maniatiko-village-steinhaeuser-in-mani\/unterkunft-im-peloponnes-maniatiko-village-resort\/"]}]},{"@type":"ImageObject","inLanguage":"de","@id":"https:\/\/www.maniatikovillage.com\/de\/beste-unterkunft-in-stoupa-maniatiko-village-steinhaeuser-in-mani\/unterkunft-im-peloponnes-maniatiko-village-resort\/#primaryimage","url":"https:\/\/www.maniatikovillage.com\/wp-content\/uploads\/2019\/01\/LR-192.jpg","contentUrl":"https:\/\/www.maniatikovillage.com\/wp-content\/uploads\/2019\/01\/LR-192.jpg","width":667,"height":1000,"caption":"Unterkunft im Peloponnes - Ferienhaus in Stoupa"},{"@type":"BreadcrumbList","@id":"https:\/\/www.maniatikovillage.com\/de\/beste-unterkunft-in-stoupa-maniatiko-village-steinhaeuser-in-mani\/unterkunft-im-peloponnes-maniatiko-village-resort\/#breadcrumb","itemListElement":[{"@type":"ListItem","position":1,"name":"Home","item":"https:\/\/www.maniatikovillage.com\/de\/"},{"@type":"ListItem","position":2,"name":"Maniatiko Village","item":"https:\/\/www.maniatikovillage.com\/de\/"},{"@type":"ListItem","position":3,"name":"Wohnanlage"}]},{"@type":"WebSite","@id":"https:\/\/www.maniatikovillage.com\/en\/#website","url":"https:\/\/www.maniatikovillage.com\/en\/","name":"Maniatiko Village Resort Stoupa - \u03a3\u03c4\u03bf\u03cd\u03c0\u03b1, \u039c\u03ac\u03bd\u03b7","description":"Ruhige Ferien in Stoupa, Mani","publisher":{"@id":"https:\/\/www.maniatikovillage.com\/en\/#organization"},"potentialAction":[{"@type":"SearchAction","target":{"@type":"EntryPoint","urlTemplate":"https:\/\/www.maniatikovillage.com\/en\/?s={search_term_string}"},"query-input":{"@type":"PropertyValueSpecification","valueRequired":true,"valueName":"search_term_string"}}],"inLanguage":"de"},{"@type":"Organization","@id":"https:\/\/www.maniatikovillage.com\/en\/#organization","name":"Maniatiko Village Resort Stoupa - \u03a3\u03c4\u03bf\u03cd\u03c0\u03b1, \u039c\u03ac\u03bd\u03b7","url":"https:\/\/www.maniatikovillage.com\/en\/","logo":{"@type":"ImageObject","inLanguage":"de","@id":"https:\/\/www.maniatikovillage.com\/en\/#\/schema\/logo\/image\/","url":"https:\/\/www.maniatikovillage.com\/wp-content\/uploads\/2018\/12\/footer-logo.png","contentUrl":"https:\/\/www.maniatikovillage.com\/wp-content\/uploads\/2018\/12\/footer-logo.png","width":79,"height":100,"caption":"Maniatiko Village Resort Stoupa - \u03a3\u03c4\u03bf\u03cd\u03c0\u03b1, \u039c\u03ac\u03bd\u03b7"},"image":{"@id":"https:\/\/www.maniatikovillage.com\/en\/#\/schema\/logo\/image\/"},"sameAs":["https:\/\/www.facebook.com\/maniatikovillage","https:\/\/www.instagram.com\/maniatiko.village\/"]}]}},"_links":{"self":[{"href":"https:\/\/www.maniatikovillage.com\/de\/wp-json\/wp\/v2\/pages\/274","targetHints":{"allow":["GET"]}}],"collection":[{"href":"https:\/\/www.maniatikovillage.com\/de\/wp-json\/wp\/v2\/pages"}],"about":[{"href":"https:\/\/www.maniatikovillage.com\/de\/wp-json\/wp\/v2\/types\/page"}],"author":[{"embeddable":true,"href":"https:\/\/www.maniatikovillage.com\/de\/wp-json\/wp\/v2\/users\/1"}],"replies":[{"embeddable":true,"href":"https:\/\/www.maniatikovillage.com\/de\/wp-json\/wp\/v2\/comments?post=274"}],"version-history":[{"count":11,"href":"https:\/\/www.maniatikovillage.com\/de\/wp-json\/wp\/v2\/pages\/274\/revisions"}],"predecessor-version":[{"id":2543,"href":"https:\/\/www.maniatikovillage.com\/de\/wp-json\/wp\/v2\/pages\/274\/revisions\/2543"}],"up":[{"embeddable":true,"href":"https:\/\/www.maniatikovillage.com\/de\/wp-json\/wp\/v2\/pages\/83"}],"wp:featuredmedia":[{"embeddable":true,"href":"https:\/\/www.maniatikovillage.com\/de\/wp-json\/wp\/v2\/media\/1860"}],"wp:attachment":[{"href":"https:\/\/www.maniatikovillage.com\/de\/wp-json\/wp\/v2\/media?parent=274"}],"curies":[{"name":"wp","href":"https:\/\/api.w.org\/{rel}","templated":true}]}}